{"id":4675,"date":"2023-12-27T20:37:56","date_gmt":"2023-12-27T20:37:56","guid":{"rendered":"https:\/\/www.vilajoya.com\/quartos-e-suites\/deluxe-double-room-1-6-12\/"},"modified":"2024-01-08T23:29:34","modified_gmt":"2024-01-08T23:29:34","slug":"quarto-duplo-master-1-6-12","status":"publish","type":"page","link":"https:\/\/www.vilajoya.com\/pt-pt\/quartos-e-suites\/quarto-duplo-master-1-6-12\/","title":{"rendered":"Quarto Duplo Master 1,6 &#038; 12"},"content":{"rendered":"<p>[vc_row content_placement=&#8221;middle&#8221; content_text_alignment=&#8221;center&#8221; el_class=&#8221;img_background_section&#8221; css=&#8221;.vc_custom_1704753145232{background-image: url(https:\/\/www.vilajoya.com\/wp-content\/uploads\/2024\/01\/double_1_6_12_intro_v2.jpg?id=4929) !important;}&#8221;][vc_column css=&#8221;.vc_custom_1623953325356{padding-top: 100px !important;padding-bottom: 100px !important;}&#8221; column_responsive_padding_1024=&#8221;100px 0 100px 0&#8243; column_responsive_padding_680=&#8221;100px 0 100px 0&#8243; column_responsive_padding_768=&#8221;100px 0 100px 0&#8243; offset=&#8221;vc_col-lg-offset-0 vc_col-lg-12 vc_col-md-offset-0 vc_col-md-12 vc_col-sm-offset-0 vc_col-xs-12&#8243; column_responsive_padding_1440=&#8221;100px 0 100px 0&#8243; column_responsive_padding_1366=&#8221;100px 0 100px 0&#8243; column_responsive_padding_1280=&#8221;100px 0 100px 0&#8243;][vc_row_inner row_content_width=&#8221;grid&#8221;][vc_column_inner offset=&#8221;vc_col-lg-offset-0 vc_col-lg-12 vc_col-md-offset-0 vc_col-md-12 vc_col-sm-offset-0 vc_col-xs-12&#8243; css=&#8221;.vc_custom_1624313067819{padding-top: 160px !important;padding-bottom: 150px !important;}&#8221; column_responsive_padding_1440=&#8221;105px 0 100px 0&#8243; column_responsive_padding_1366=&#8221;120px 0 105px 0&#8243; column_responsive_padding_1280=&#8221;125px 0 105px 0&#8243; column_responsive_padding_1024=&#8221;160px 23% 75px 23%&#8221; column_responsive_padding_768=&#8221;160px 11% 75px 11%&#8221; column_responsive_padding_680=&#8221;135px 0 40px 0&#8243;]<div class=\"qodef-shortcode qodef-m  qodef-section-title qodef-alignment--center \">\n\t\t<p class=\"qodef-m-subtitle\" style=\"color: #ffffff\">Quarto Duplo Master<\/p>\n\t\t<h1 class=\"qodef-m-title\" style=\"color: #ffffff\">\n\t\t\t\t\t1,6 &amp; 12\t\t\t<\/h1>\n\t<\/div>[\/vc_column_inner][\/vc_row_inner][\/vc_column][\/vc_row][vc_row content_placement=&#8221;middle&#8221; content_text_alignment=&#8221;left&#8221; css=&#8221;.vc_custom_1628371087725{padding-top: 95px !important;padding-bottom: 85px !important;}&#8221; el_class=&#8221;italic-title&#8221;][vc_column css=&#8221;.vc_custom_1624544661483{padding-top: 0px !important;padding-right: 8% !important;padding-bottom: 0px !important;padding-left: 32% !important;}&#8221; offset=&#8221;vc_col-lg-offset-0 vc_col-lg-6 vc_col-md-offset-0 vc_col-md-6 vc_col-sm-offset-0 vc_col-xs-12&#8243; column_responsive_padding_768=&#8221;0 16.6% 50px 10.4%&#8221; column_responsive_padding_680=&#8221;0 10% 40px 10%&#8221; column_responsive_padding_1024=&#8221;0 4% 0 10%&#8221; column_responsive_padding_1280=&#8221;0 8% 0 32%&#8221; column_responsive_padding_1366=&#8221;0 8% 0 32%&#8221; column_responsive_padding_1440=&#8221;0 8% 0 32%&#8221;]<div class=\"qodef-shortcode qodef-m  qodef-section-title qodef-alignment--left \">\n\t\t\t<h4 class=\"qodef-m-title\" style=\"color: #b18235\">\n\t\t\t\t\tQuarto Duplo Master 1\t\t\t<\/h4>\n\t<\/div>[vc_empty_space height=&#8221;10px&#8221;][vc_column_text]<strong>\u2014 Caracter\u00edsticas do quarto:<br \/>\n<\/strong><\/p>\n<p>Tons de branco, bege e cinzento | Ch\u00e3o tradicional portugu\u00eas em terracota | Sof\u00e1 XXL | \u00c1rea de estar exterior | Espregui\u00e7adeiras | Acesso direto aos jardins | R\u00e9s do ch\u00e3o | Vista para o mar | 30m\u00b2.<\/p>\n<p><strong>\u2014 Casa de banho:<br \/>\n<\/strong><\/p>\n<p>Azulejos portugueses pintados \u00e0 m\u00e3o, em cores turquesa, branco e preto | Walk-in shower | Pequena janela com vista para o mar.[\/vc_column_text][vc_empty_space height=&#8221;10px&#8221;]<div class=\"qodef-shortcode qodef-m  qodef-section-title qodef-alignment--left \">\n\t\t\t<h4 class=\"qodef-m-title\" style=\"color: #b18235\">\n\t\t\t\t\tQuarto Duplo Master 6\t\t\t<\/h4>\n\t<\/div>[vc_empty_space height=&#8221;10px&#8221;][vc_column_text]<strong>\u2014 Caracter\u00edsticas do quarto:<br \/>\n<\/strong><\/p>\n<p>Cores luminosas | Ch\u00e3o tradicional portugu\u00eas em terracota | \u00c1rea de estar exterior | Espregui\u00e7adeiras | Acesso direto aos jardins | R\u00e9s do ch\u00e3o | Vista para o mar | 30m\u00b2.<\/p>\n<p><strong>\u2014 Casa de banho:<br \/>\n<\/strong><\/p>\n<p>Casa de banho aberta, com cortina | Banheira japonesa | Lavat\u00f3rio duplo | Walk-in shower Separado | WC separado.[\/vc_column_text][vc_empty_space height=&#8221;10px&#8221;]<div class=\"qodef-shortcode qodef-m  qodef-section-title qodef-alignment--left \">\n\t\t\t<h4 class=\"qodef-m-title\" style=\"color: #b18235\">\n\t\t\t\t\tQuarto Duplo Master 12\t\t\t<\/h4>\n\t<\/div>[vc_empty_space height=&#8221;10px&#8221;][vc_column_text]<strong>\u2014 Caracter\u00edsticas do quarto:<br \/>\n<\/strong><\/p>\n<p>Tons de branco e cinzento | Carpete de cor clara | Cama com vista para o mar | \u00c1rea de estar | Walk-in closet | Pequena varanda com \u00e1rea de estar | 1\u00ba piso | Cama King Size | 40 m\u00b2.<\/p>\n<p><strong>\u2014 Casa de banho:<br \/>\n<\/strong><\/p>\n<p>Chuveiro duplo | Lavat\u00f3rio duplo | Pequena janela para o p\u00e1tio.[\/vc_column_text][vc_empty_space height=&#8221;10px&#8221;]<div class=\"qodef-shortcode qodef-m  qodef-section-title qodef-alignment--left \">\n\t\t\t<h5 class=\"qodef-m-title\" style=\"color: #b18235\">\n\t\t\t\t\tPre\u00e7o dependente da \u00e9poca: De 1.040 euros a 1.300 euros\t\t\t<\/h5>\n\t<\/div>[vc_empty_space height=&#8221;25px&#8221;]<a class=\"qodef-shortcode qodef-m  qodef-button qodef-layout--textual  qodef-html--link\" href=\"https:\/\/www.secure-hotel-booking.com\/smart\/Vila-Joya-Joy-Jung-Spa\/2FAW\/pt\/\" target=\"_blank\" data-hover-color=\"#b18235\" style=\"color: #b18235;font-size: 12px;text-transform: uppercase;margin: -20px 0 0 0\">\n\t<span class=\"qodef-m-text\">Ver disponibilidade<\/span>\n<\/a>[\/vc_column][vc_column width=&#8221;2\/3&#8243; css=&#8221;.vc_custom_1624544708636{padding-top: 0px !important;padding-bottom: 0px !important;padding-left: 8% !important;}&#8221; column_responsive_padding_1366=&#8221;0 0 0 8%&#8221; column_responsive_padding_1440=&#8221;0 0 0 8%&#8221; offset=&#8221;vc_col-lg-offset-0 vc_col-lg-6 vc_col-md-offset-0 vc_col-md-6 vc_col-sm-offset-0 vc_col-xs-12&#8243; column_responsive_padding_768=&#8221;0 0 15px 10.4%&#8221; column_responsive_padding_680=&#8221;0 7% 15px 7%&#8221; column_responsive_padding_1024=&#8221;0 0 0 8%&#8221; column_responsive_padding_1280=&#8221;0 0 0 8%&#8221;]<div class=\"qodef-shortcode qodef-m  qodef-image-gallery  qodef-grid qodef-swiper-container  qodef-gutter--no qodef-col-num--1  qodef-responsive--predefined\" data-options=\"{&quot;slidesPerView&quot;:&quot;1&quot;,&quot;spaceBetween&quot;:0,&quot;loop&quot;:true,&quot;autoplay&quot;:true,&quot;speed&quot;:&quot;5500&quot;,&quot;speedAnimation&quot;:&quot;&quot;}\">\n\t<div class=\"swiper-wrapper\">\n\t\t<div class=\"qodef-e qodef-image-wrapper swiper-slide\">\n\t\t\t<img width=\"1400\" height=\"1100\" src=\"https:\/\/www.vilajoya.com\/wp-content\/uploads\/2021\/07\/BW_-4.jpg\" class=\"attachment-full size-full\" alt=\"\" loading=\"lazy\" srcset=\"https:\/\/www.vilajoya.com\/wp-content\/uploads\/2021\/07\/BW_-4.jpg 1400w, https:\/\/www.vilajoya.com\/wp-content\/uploads\/2021\/07\/BW_-4-300x236.jpg 300w, https:\/\/www.vilajoya.com\/wp-content\/uploads\/2021\/07\/BW_-4-1024x805.jpg 1024w, https:\/\/www.vilajoya.com\/wp-content\/uploads\/2021\/07\/BW_-4-768x603.jpg 768w\" sizes=\"(max-width: 1400px) 100vw, 1400px\" \/>\t<\/div><div class=\"qodef-e qodef-image-wrapper swiper-slide\">\n\t\t\t<img width=\"1400\" height=\"1100\" src=\"https:\/\/www.vilajoya.com\/wp-content\/uploads\/2024\/01\/double_1_6_12_06.jpg\" class=\"attachment-full size-full\" alt=\"\" loading=\"lazy\" srcset=\"https:\/\/www.vilajoya.com\/wp-content\/uploads\/2024\/01\/double_1_6_12_06.jpg 1400w, https:\/\/www.vilajoya.com\/wp-content\/uploads\/2024\/01\/double_1_6_12_06-300x236.jpg 300w, https:\/\/www.vilajoya.com\/wp-content\/uploads\/2024\/01\/double_1_6_12_06-1024x805.jpg 1024w, https:\/\/www.vilajoya.com\/wp-content\/uploads\/2024\/01\/double_1_6_12_06-768x603.jpg 768w\" sizes=\"(max-width: 1400px) 100vw, 1400px\" \/>\t<\/div><div class=\"qodef-e qodef-image-wrapper swiper-slide\">\n\t\t\t<img width=\"1400\" height=\"1100\" src=\"https:\/\/www.vilajoya.com\/wp-content\/uploads\/2024\/01\/double_1_6_12_07.jpg\" class=\"attachment-full size-full\" alt=\"\" loading=\"lazy\" srcset=\"https:\/\/www.vilajoya.com\/wp-content\/uploads\/2024\/01\/double_1_6_12_07.jpg 1400w, https:\/\/www.vilajoya.com\/wp-content\/uploads\/2024\/01\/double_1_6_12_07-300x236.jpg 300w, https:\/\/www.vilajoya.com\/wp-content\/uploads\/2024\/01\/double_1_6_12_07-1024x805.jpg 1024w, https:\/\/www.vilajoya.com\/wp-content\/uploads\/2024\/01\/double_1_6_12_07-768x603.jpg 768w\" sizes=\"(max-width: 1400px) 100vw, 1400px\" \/>\t<\/div><div class=\"qodef-e qodef-image-wrapper swiper-slide\">\n\t\t\t<img width=\"1400\" height=\"1100\" src=\"https:\/\/www.vilajoya.com\/wp-content\/uploads\/2024\/01\/double_1_6_12_03.jpg\" class=\"attachment-full size-full\" alt=\"\" loading=\"lazy\" srcset=\"https:\/\/www.vilajoya.com\/wp-content\/uploads\/2024\/01\/double_1_6_12_03.jpg 1400w, https:\/\/www.vilajoya.com\/wp-content\/uploads\/2024\/01\/double_1_6_12_03-300x236.jpg 300w, https:\/\/www.vilajoya.com\/wp-content\/uploads\/2024\/01\/double_1_6_12_03-1024x805.jpg 1024w, https:\/\/www.vilajoya.com\/wp-content\/uploads\/2024\/01\/double_1_6_12_03-768x603.jpg 768w\" sizes=\"(max-width: 1400px) 100vw, 1400px\" \/>\t<\/div><div class=\"qodef-e qodef-image-wrapper swiper-slide\">\n\t\t\t<img width=\"1400\" height=\"1100\" src=\"https:\/\/www.vilajoya.com\/wp-content\/uploads\/2024\/01\/double_1_6_12_04.jpg\" class=\"attachment-full size-full\" alt=\"\" loading=\"lazy\" srcset=\"https:\/\/www.vilajoya.com\/wp-content\/uploads\/2024\/01\/double_1_6_12_04.jpg 1400w, https:\/\/www.vilajoya.com\/wp-content\/uploads\/2024\/01\/double_1_6_12_04-300x236.jpg 300w, https:\/\/www.vilajoya.com\/wp-content\/uploads\/2024\/01\/double_1_6_12_04-1024x805.jpg 1024w, https:\/\/www.vilajoya.com\/wp-content\/uploads\/2024\/01\/double_1_6_12_04-768x603.jpg 768w\" sizes=\"(max-width: 1400px) 100vw, 1400px\" \/>\t<\/div><div class=\"qodef-e qodef-image-wrapper swiper-slide\">\n\t\t\t<img width=\"1400\" height=\"1100\" src=\"https:\/\/www.vilajoya.com\/wp-content\/uploads\/2024\/01\/double_1_6_12_02.jpg\" class=\"attachment-full size-full\" alt=\"\" loading=\"lazy\" srcset=\"https:\/\/www.vilajoya.com\/wp-content\/uploads\/2024\/01\/double_1_6_12_02.jpg 1400w, https:\/\/www.vilajoya.com\/wp-content\/uploads\/2024\/01\/double_1_6_12_02-300x236.jpg 300w, https:\/\/www.vilajoya.com\/wp-content\/uploads\/2024\/01\/double_1_6_12_02-1024x805.jpg 1024w, https:\/\/www.vilajoya.com\/wp-content\/uploads\/2024\/01\/double_1_6_12_02-768x603.jpg 768w\" sizes=\"(max-width: 1400px) 100vw, 1400px\" \/>\t<\/div><div class=\"qodef-e qodef-image-wrapper swiper-slide\">\n\t\t\t<img width=\"1400\" height=\"1100\" src=\"https:\/\/www.vilajoya.com\/wp-content\/uploads\/2024\/01\/double_1_6_12_01.jpg\" class=\"attachment-full size-full\" alt=\"\" loading=\"lazy\" srcset=\"https:\/\/www.vilajoya.com\/wp-content\/uploads\/2024\/01\/double_1_6_12_01.jpg 1400w, https:\/\/www.vilajoya.com\/wp-content\/uploads\/2024\/01\/double_1_6_12_01-300x236.jpg 300w, https:\/\/www.vilajoya.com\/wp-content\/uploads\/2024\/01\/double_1_6_12_01-1024x805.jpg 1024w, https:\/\/www.vilajoya.com\/wp-content\/uploads\/2024\/01\/double_1_6_12_01-768x603.jpg 768w\" sizes=\"(max-width: 1400px) 100vw, 1400px\" \/>\t<\/div><div class=\"qodef-e qodef-image-wrapper swiper-slide\">\n\t\t\t<img width=\"1400\" height=\"1100\" src=\"https:\/\/www.vilajoya.com\/wp-content\/uploads\/2024\/01\/double_1_6_12_05.jpg\" class=\"attachment-full size-full\" alt=\"\" loading=\"lazy\" srcset=\"https:\/\/www.vilajoya.com\/wp-content\/uploads\/2024\/01\/double_1_6_12_05.jpg 1400w, https:\/\/www.vilajoya.com\/wp-content\/uploads\/2024\/01\/double_1_6_12_05-300x236.jpg 300w, https:\/\/www.vilajoya.com\/wp-content\/uploads\/2024\/01\/double_1_6_12_05-1024x805.jpg 1024w, https:\/\/www.vilajoya.com\/wp-content\/uploads\/2024\/01\/double_1_6_12_05-768x603.jpg 768w\" sizes=\"(max-width: 1400px) 100vw, 1400px\" \/>\t<\/div>\t<\/div>\n\t\t\t<div class=\"swiper-button-next\"><\/div>\n\t\t<div class=\"swiper-button-prev\"><\/div>\n\t\t<\/div>[\/vc_column][\/vc_row]<\/p>\n","protected":false},"excerpt":{"rendered":"<p>[vc_row content_placement=&#8221;middle&#8221; content_text_alignment=&#8221;center&#8221; el_class=&#8221;img_background_section&#8221; css=&#8221;.vc_custom_1704753145232{background-image: url(https:\/\/www.vilajoya.com\/wp-content\/uploads\/2024\/01\/double_1_6_12_intro_v2.jpg?id=4929) !important;}&#8221;][vc_column css=&#8221;.vc_custom_1623953325356{padding-top: 100px !important;padding-bottom: 100px !important;}&#8221; column_responsive_padding_1024=&#8221;100px 0 100px 0&#8243; column_responsive_padding_680=&#8221;100px 0 100px 0&#8243; column_responsive_padding_768=&#8221;100px 0 100px 0&#8243; offset=&#8221;vc_col-lg-offset-0 vc_col-lg-12 vc_col-md-offset-0 vc_col-md-12 vc_col-sm-offset-0 vc_col-xs-12&#8243; column_responsive_padding_1440=&#8221;100px 0 100px 0&#8243; column_responsive_padding_1366=&#8221;100px 0 100px 0&#8243; column_responsive_padding_1280=&#8221;100px 0 100px 0&#8243;][vc_row_inner row_content_width=&#8221;grid&#8221;][vc_column_inner offset=&#8221;vc_col-lg-offset-0 vc_col-lg-12 vc_col-md-offset-0 vc_col-md-12 vc_col-sm-offset-0 vc_col-xs-12&#8243; css=&#8221;.vc_custom_1624313067819{padding-top: 160px !important;padding-bottom: 150px !important;}&#8221; column_responsive_padding_1440=&#8221;105px [&hellip;]<\/p>\n","protected":false},"author":4,"featured_media":0,"parent":3706,"menu_order":11,"comment_status":"closed","ping_status":"closed","template":"page-full-width.php","meta":[],"yoast_head":"<!-- This site is optimized with the Yoast SEO plugin v14.9 - https:\/\/yoast.com\/wordpress\/plugins\/seo\/ -->\n<title>Quarto Duplo Master 1,6 &amp; 12 - Vila Joya<\/title>\n<meta name=\"robots\" content=\"index, follow, max-snippet:-1, max-image-preview:large, max-video-preview:-1\" \/>\n<link rel=\"canonical\" href=\"https:\/\/www.vilajoya.com\/pt-pt\/quartos-e-suites\/quarto-duplo-master-1-6-12\/\" \/>\n<meta property=\"og:locale\" content=\"pt_PT\" \/>\n<meta property=\"og:type\" content=\"article\" \/>\n<meta property=\"og:title\" content=\"Quarto Duplo Master 1,6 &amp; 12 - Vila Joya\" \/>\n<meta property=\"og:description\" content=\"[vc_row content_placement=&#8221;middle&#8221; content_text_alignment=&#8221;center&#8221; el_class=&#8221;img_background_section&#8221; css=&#8221;.vc_custom_1704753145232{background-image: url(https:\/\/www.vilajoya.com\/wp-content\/uploads\/2024\/01\/double_1_6_12_intro_v2.jpg?id=4929) !important;}&#8221;][vc_column css=&#8221;.vc_custom_1623953325356{padding-top: 100px !important;padding-bottom: 100px !important;}&#8221; column_responsive_padding_1024=&#8221;100px 0 100px 0&#8243; column_responsive_padding_680=&#8221;100px 0 100px 0&#8243; column_responsive_padding_768=&#8221;100px 0 100px 0&#8243; offset=&#8221;vc_col-lg-offset-0 vc_col-lg-12 vc_col-md-offset-0 vc_col-md-12 vc_col-sm-offset-0 vc_col-xs-12&#8243; column_responsive_padding_1440=&#8221;100px 0 100px 0&#8243; column_responsive_padding_1366=&#8221;100px 0 100px 0&#8243; column_responsive_padding_1280=&#8221;100px 0 100px 0&#8243;][vc_row_inner row_content_width=&#8221;grid&#8221;][vc_column_inner offset=&#8221;vc_col-lg-offset-0 vc_col-lg-12 vc_col-md-offset-0 vc_col-md-12 vc_col-sm-offset-0 vc_col-xs-12&#8243; css=&#8221;.vc_custom_1624313067819{padding-top: 160px !important;padding-bottom: 150px !important;}&#8221; column_responsive_padding_1440=&#8221;105px [&hellip;]\" \/>\n<meta property=\"og:url\" content=\"https:\/\/www.vilajoya.com\/pt-pt\/quartos-e-suites\/quarto-duplo-master-1-6-12\/\" \/>\n<meta property=\"og:site_name\" content=\"Vila Joya\" \/>\n<meta property=\"article:modified_time\" content=\"2024-01-08T23:29:34+00:00\" \/>\n<meta name=\"twitter:card\" content=\"summary_large_image\" \/>\n<script type=\"application\/ld+json\" class=\"yoast-schema-graph\">{\"@context\":\"https:\/\/schema.org\",\"@graph\":[{\"@type\":\"WebSite\",\"@id\":\"https:\/\/www.vilajoya.com\/pt-pt\/#website\",\"url\":\"https:\/\/www.vilajoya.com\/pt-pt\/\",\"name\":\"Vila Joya\",\"description\":\"Discover the hidden jewel of the Algarve\",\"potentialAction\":[{\"@type\":\"SearchAction\",\"target\":\"https:\/\/www.vilajoya.com\/pt-pt\/?s={search_term_string}\",\"query-input\":\"required name=search_term_string\"}],\"inLanguage\":\"pt-PT\"},{\"@type\":\"WebPage\",\"@id\":\"https:\/\/www.vilajoya.com\/pt-pt\/quartos-e-suites\/quarto-duplo-master-1-6-12\/#webpage\",\"url\":\"https:\/\/www.vilajoya.com\/pt-pt\/quartos-e-suites\/quarto-duplo-master-1-6-12\/\",\"name\":\"Quarto Duplo Master 1,6 & 12 - Vila Joya\",\"isPartOf\":{\"@id\":\"https:\/\/www.vilajoya.com\/pt-pt\/#website\"},\"datePublished\":\"2023-12-27T20:37:56+00:00\",\"dateModified\":\"2024-01-08T23:29:34+00:00\",\"inLanguage\":\"pt-PT\",\"potentialAction\":[{\"@type\":\"ReadAction\",\"target\":[\"https:\/\/www.vilajoya.com\/pt-pt\/quartos-e-suites\/quarto-duplo-master-1-6-12\/\"]}]}]}<\/script>\n<!-- \/ Yoast SEO plugin. -->","_links":{"self":[{"href":"https:\/\/www.vilajoya.com\/pt-pt\/wp-json\/wp\/v2\/pages\/4675\/"}],"collection":[{"href":"https:\/\/www.vilajoya.com\/pt-pt\/wp-json\/wp\/v2\/pages\/"}],"about":[{"href":"https:\/\/www.vilajoya.com\/pt-pt\/wp-json\/wp\/v2\/types\/page\/"}],"author":[{"embeddable":true,"href":"https:\/\/www.vilajoya.com\/pt-pt\/wp-json\/wp\/v2\/users\/4\/"}],"replies":[{"embeddable":true,"href":"https:\/\/www.vilajoya.com\/pt-pt\/wp-json\/wp\/v2\/comments\/?post=4675"}],"version-history":[{"count":4,"href":"https:\/\/www.vilajoya.com\/pt-pt\/wp-json\/wp\/v2\/pages\/4675\/revisions\/"}],"predecessor-version":[{"id":4980,"href":"https:\/\/www.vilajoya.com\/pt-pt\/wp-json\/wp\/v2\/pages\/4675\/revisions\/4980\/"}],"up":[{"embeddable":true,"href":"https:\/\/www.vilajoya.com\/pt-pt\/wp-json\/wp\/v2\/pages\/3706\/"}],"wp:attachment":[{"href":"https:\/\/www.vilajoya.com\/pt-pt\/wp-json\/wp\/v2\/media\/?parent=4675"}],"curies":[{"name":"wp","href":"https:\/\/api.w.org\/{rel}","templated":true}]}}