{"id":3697,"date":"2021-06-17T17:30:15","date_gmt":"2021-06-17T17:30:15","guid":{"rendered":"https:\/\/www.vilajoya.com\/contact\/"},"modified":"2026-03-13T20:04:52","modified_gmt":"2026-03-13T20:04:52","slug":"contacto","status":"publish","type":"page","link":"https:\/\/www.vilajoya.com\/pt-pt\/contacto\/","title":{"rendered":"Contacto"},"content":{"rendered":"<p>[vc_row content_placement=&#8221;middle&#8221; content_text_alignment=&#8221;center&#8221; el_class=&#8221;img_background_section&#8221; css=&#8221;.vc_custom_1624915336978{background-image: url(https:\/\/www.vilajoya.com\/wp-content\/uploads\/2021\/06\/contact_header_new_v2.jpg?id=3253) !important;}&#8221;][vc_column css=&#8221;.vc_custom_1623953325356{padding-top: 100px !important;padding-bottom: 100px !important;}&#8221; column_responsive_padding_1024=&#8221;100px 0 100px 0&#8243; column_responsive_padding_680=&#8221;100px 0 100px 0&#8243; column_responsive_padding_768=&#8221;100px 0 100px 0&#8243; offset=&#8221;vc_col-lg-offset-0 vc_col-lg-12 vc_col-md-offset-0 vc_col-md-12 vc_col-sm-offset-0 vc_col-xs-12&#8243; column_responsive_padding_1440=&#8221;100px 0 100px 0&#8243; column_responsive_padding_1366=&#8221;100px 0 100px 0&#8243; column_responsive_padding_1280=&#8221;100px 0 100px 0&#8243;][vc_row_inner row_content_width=&#8221;grid&#8221;][vc_column_inner offset=&#8221;vc_col-lg-offset-0 vc_col-lg-12 vc_col-md-offset-0 vc_col-md-12 vc_col-sm-offset-0 vc_col-xs-12&#8243; css=&#8221;.vc_custom_1624915523405{padding-top: 140px !important;padding-right: 20% !important;padding-bottom: 100px !important;padding-left: 20% !important;}&#8221; column_responsive_padding_1440=&#8221;120px 15% 85px 15%&#8221; column_responsive_padding_1366=&#8221;115px 12% 60px 12%&#8221; column_responsive_padding_1280=&#8221;120px 12% 85px 12%&#8221; column_responsive_padding_1024=&#8221;160px 5% 40px 5%&#8221; column_responsive_padding_768=&#8221;150px 5% 40px 5%&#8221; column_responsive_padding_680=&#8221;140px 0 25px 0&#8243;]<div class=\"qodef-shortcode qodef-m  qodef-section-title qodef-alignment--center \">\n\t\t<p class=\"qodef-m-subtitle\" style=\"color: #ffffff\">Get in touch<\/p>\n\t\t<h1 class=\"qodef-m-title\" style=\"color: #ffffff\">\n\t\t\t\t\tContacte o Para\u00edso\t\t\t<\/h1>\n\t<\/div>[\/vc_column_inner][\/vc_row_inner][\/vc_column][\/vc_row][vc_row content_placement=&#8221;middle&#8221; css_animation=&#8221;none&#8221; disable_element=&#8221;yes&#8221; content_text_alignment=&#8221;center&#8221; css=&#8221;.vc_custom_1773432281472{background-color: #d2a150 !important;}&#8221;][vc_column offset=&#8221;vc_col-lg-offset-0 vc_col-lg-12 vc_col-md-offset-0 vc_col-md-12 vc_col-sm-offset-0 vc_col-xs-12&#8243; column_responsive_padding_1440=&#8221;40px 0 45px 0&#8243; column_responsive_padding_1366=&#8221;40px 0 45px 0&#8243; column_responsive_padding_1280=&#8221;40px 0 45px 0&#8243; column_responsive_padding_1024=&#8221;40px 1% 45px 1%&#8221; column_responsive_padding_768=&#8221;40px 10% 45px 10%&#8221; column_responsive_padding_680=&#8221;40px 10% 45px 10%&#8221; css=&#8221;.vc_custom_1639594314120{padding-top: 40px !important;padding-bottom: 45px !important;}&#8221;]<div class=\"qodef-shortcode qodef-m italic_style_intro qodef-section-title qodef-alignment--center \">\n\t\t\t<h4 class=\"qodef-m-title\" style=\"color: #ffffff\">\n\t\t\t\t\tA Vila Joya encontra-se em \u2018hiberna\u00e7\u00e3o\u2019! Voltamos a abrir dia 15 de Mar\u00e7o.\t\t\t<\/h4>\n\t<\/div>[\/vc_column][\/vc_row][vc_row row_content_width=&#8221;grid&#8221; content_text_alignment=&#8221;left&#8221; css=&#8221;.vc_custom_1623953137166{padding-top: 95px !important;padding-bottom: 75px !important;background-color: #ffffff !important;}&#8221;][vc_column width=&#8221;5\/6&#8243; css=&#8221;.vc_custom_1625753284769{padding-top: 0px !important;padding-right: 10% !important;padding-bottom: 0px !important;}&#8221; offset=&#8221;vc_col-lg-offset-0 vc_col-lg-6 vc_col-md-offset-0 vc_col-md-6 vc_col-sm-offset-0 vc_col-xs-12&#8243; column_responsive_padding_1440=&#8221;0 1% 0 6%&#8221; column_responsive_padding_1366=&#8221;0 3% 0 6%&#8221; column_responsive_padding_1280=&#8221;0 8% 0 2%&#8221; column_responsive_padding_1024=&#8221;0 10% 0 0&#8243; column_responsive_padding_768=&#8221;0 0 35px 0&#8243; column_responsive_padding_680=&#8221;0 0 0 0&#8243;]<div class=\"qodef-shortcode qodef-m  qodef-section-title qodef-alignment--left \">\n\t\t<p class=\"qodef-m-subtitle\" style=\"color: #3e3930\">Contacte-nos<\/p>\n\t\t<h3 class=\"qodef-m-title\" >\n\t\t\t\t\tPor favor, preencha o formul\u00e1rio abaixo\t\t\t<\/h3>\n\t<\/div>[vc_empty_space height=&#8221;10px&#8221;][vc_column_text]Para informa\u00e7\u00f5es gerais, por favor, preencha o formul\u00e1rio abaixo. Para quest\u00f5es de car\u00e1ter mais urgente, contacte-nos por telefone: <a href=\"tel:+351 289 591 795\">+351 289 591 795<\/a> <span style=\"font-size: 11px;\">(Chamada para a rede fixa nacional)<\/span> ou por email: <a href=\"mailto:info@vilajoya.com\">info@vilajoya.com<\/a>[\/vc_column_text]<div role=\"form\" class=\"wpcf7\" id=\"wpcf7-f3661-o1\" lang=\"en-US\" dir=\"ltr\">\n<div class=\"screen-reader-response\"><p role=\"status\" aria-live=\"polite\" aria-atomic=\"true\"><\/p> <ul><\/ul><\/div>\n<form action=\"\/pt-pt\/wp-json\/wp\/v2\/pages\/3697\/#wpcf7-f3661-o1\" method=\"post\" class=\"wpcf7-form init\" novalidate=\"novalidate\" data-status=\"init\">\n<div style=\"display: none;\">\n<input type=\"hidden\" name=\"_wpcf7\" value=\"3661\" \/>\n<input type=\"hidden\" name=\"_wpcf7_version\" value=\"5.4.1\" \/>\n<input type=\"hidden\" name=\"_wpcf7_locale\" value=\"en_US\" \/>\n<input type=\"hidden\" name=\"_wpcf7_unit_tag\" value=\"wpcf7-f3661-o1\" \/>\n<input type=\"hidden\" name=\"_wpcf7_container_post\" value=\"0\" \/>\n<input type=\"hidden\" name=\"_wpcf7_posted_data_hash\" value=\"\" \/>\n<\/div>\n<div class=\"qodef-grid qodef-layout--template\">\n<div class=\"qodef-grid-inner\">\n<div class=\"qodef-grid-item qodef-col--6\">\n <span class=\"wpcf7-form-control-wrap your-name\"><input type=\"text\" name=\"your-name\" value=\"\" size=\"40\" class=\"wpcf7-form-control wpcf7-text wpcf7-validates-as-required\" aria-required=\"true\" aria-invalid=\"false\" placeholder=\"Nome*\" \/><\/span>\n<\/div>\n<div class=\"qodef-grid-item qodef-col--6\">\n <span class=\"wpcf7-form-control-wrap your-email\"><input type=\"email\" name=\"your-email\" value=\"\" size=\"40\" class=\"wpcf7-form-control wpcf7-text wpcf7-email wpcf7-validates-as-required wpcf7-validates-as-email\" aria-required=\"true\" aria-invalid=\"false\" placeholder=\"Email*\" \/><\/span>\n<\/div>\n<div class=\"qodef-grid-item qodef-col--6\">\n <span class=\"wpcf7-form-control-wrap your-phone\"><input type=\"tel\" name=\"your-phone\" value=\"\" size=\"40\" class=\"wpcf7-form-control wpcf7-text wpcf7-tel wpcf7-validates-as-tel\" aria-invalid=\"false\" placeholder=\"Telefone\" \/><\/span>\n<\/div>\n<div class=\"qodef-grid-item qodef-col--6\">\n <span class=\"wpcf7-form-control-wrap your-subject\"><input type=\"text\" name=\"your-subject\" value=\"\" size=\"40\" class=\"wpcf7-form-control wpcf7-text\" aria-invalid=\"false\" placeholder=\"Assunto\" \/><\/span>\n<\/div>\n<div class=\"qodef-grid-item qodef-col--12\">\n <span class=\"wpcf7-form-control-wrap your-message\"><textarea name=\"your-message\" cols=\"40\" rows=\"10\" class=\"wpcf7-form-control wpcf7-textarea wpcf7-validates-as-required\" aria-required=\"true\" aria-invalid=\"false\" placeholder=\"Mensagem*\"><\/textarea><\/span>\n<\/div>\n<div class=\"qodef-grid-item qodef-col--12\">\n <span class=\"wpcf7-form-control-wrap terms-and-conditions\"><span class=\"wpcf7-form-control wpcf7-checkbox wpcf7-validates-as-required\"><span class=\"wpcf7-list-item first last\"><input type=\"checkbox\" name=\"terms-and-conditions[]\" value=\"\" \/><span class=\"wpcf7-list-item-label\"><\/span><\/span><\/span><\/span><label style=\"padding-left:10px; display: inline;\">Li e aceito os <a href=\"\/pt-pt\/politica-de-privacidade\/\" title=\"Terms and Conditions \u2013 Privacy Policy\" target=\"_blank\" rel=\"follow\"> Termos & Condi\u00e7\u00f5es - Pol\u00edtica de Privacidade<\/a><\/label>\n<\/div>\n<div class=\"qodef-grid-item qodef-col--12\" style=\"margin-top: 15px;text-align: left;\">\n<button type=\"submit\" class=\"wpcf7-form-control wpcf7-submit qodef-size--large qodef-button qodef-size--normal qodef-type--filled qodef-m\"><span class=\"qodef-m-text\">Enviar Mensagem<\/span><\/button>\n<\/div>\n<\/div>\n<\/div>\n<div class=\"inv-recaptcha-holder\"><\/div><div class=\"wpcf7-response-output\" aria-hidden=\"true\"><\/div><\/form><\/div>[\/vc_column][vc_column width=&#8221;5\/12&#8243; offset=&#8221;vc_col-lg-offset-0 vc_col-lg-3 vc_col-md-offset-0 vc_col-md-3 vc_col-sm-offset-0 vc_col-xs-12&#8243; css=&#8221;.vc_custom_1627653185803{padding-top: 168px !important;padding-bottom: 0px !important;padding-left: 18% !important;}&#8221; column_responsive_padding_1440=&#8221;233px 0 0 17%&#8221; column_responsive_padding_1366=&#8221;233px 0 0 13%&#8221; column_responsive_padding_1280=&#8221;233px 0 0 5%&#8221; column_responsive_padding_1024=&#8221;216px 0 0 0&#8243; column_responsive_padding_768=&#8221;40px 0 0 1%&#8221; column_responsive_padding_680=&#8221;35px 0 0 0&#8243;]<div class=\"qodef-shortcode qodef-m contacts_title qodef-section-title qodef-alignment--left \">\n\t\t\t<h6 class=\"qodef-m-title\" style=\"color: #3e3930\">\n\t\t\t\t\t\u2014 Morada\t\t\t<\/h6>\n\t<\/div>[vc_column_text]Vila Joya, Estrada da Gal\u00e9<br \/>\n8200-416 Albufeira<br \/>\nAlgarve | Portugal[\/vc_column_text][vc_empty_space height=&#8221;10px&#8221;]<div class=\"qodef-shortcode qodef-m contacts_title qodef-section-title qodef-alignment--left \">\n\t\t\t<h6 class=\"qodef-m-title\" style=\"color: #3e3930\">\n\t\t\t\t\t\u2014 Restaurante Michelin\t\t\t<\/h6>\n\t<\/div>[vc_column_text]T: <a href=\"tel:+351 289 591 795\">+351 289 591 795<\/a><\/p>\n<p style=\"font-size: 11px; margin: -15px 0px;\">(Chamada para a rede fixa nacional)<\/p>\n<p>Almo\u00e7o: 13h00<br \/>\nJantar: 19h30[\/vc_column_text][vc_empty_space height=&#8221;10px&#8221;]<div class=\"qodef-shortcode qodef-m contacts_title qodef-section-title qodef-alignment--left \">\n\t\t\t<h6 class=\"qodef-m-title\" style=\"color: #3e3930\">\n\t\t\t\t\t\u2014 Aeroportos\t\t\t<\/h6>\n\t<\/div>[vc_column_text]Faro &#8211; 48km<br \/>\nSevilha &#8211; 246km<br \/>\nLisboa &#8211; 258km[\/vc_column_text][\/vc_column][vc_column width=&#8221;5\/12&#8243; offset=&#8221;vc_col-lg-offset-0 vc_col-lg-3 vc_col-md-offset-0 vc_col-md-3 vc_col-sm-offset-0 vc_col-xs-12&#8243; css=&#8221;.vc_custom_1627653220925{padding-top: 168px !important;padding-bottom: 0px !important;padding-left: 20% !important;}&#8221; column_responsive_padding_1440=&#8221;233px 0 0 16%&#8221; column_responsive_padding_1366=&#8221;233px 0 0 15%&#8221; column_responsive_padding_1280=&#8221;233px 0 0 5%&#8221; column_responsive_padding_1024=&#8221;216px 0 0 5%&#8221; column_responsive_padding_768=&#8221;40px 0 0 0&#8243; column_responsive_padding_680=&#8221;15px 0 0 0&#8243;]<div class=\"qodef-shortcode qodef-m contacts_title qodef-section-title qodef-alignment--left \">\n\t\t\t<h6 class=\"qodef-m-title\" style=\"color: #3e3930\">\n\t\t\t\t\t\u2014 Rece\u00e7\u00e3o\t\t\t<\/h6>\n\t<\/div>[vc_column_text]E: <a href=\"mailto:info@vilajoya.com\">info@vilajoya.com<\/a><br \/>\nT: <a href=\"tel:+351 289 591 795\">+351 289 591 795<\/a><\/p>\n<p style=\"font-size: 11px; margin: -15px 0px;\">(Chamada para a rede fixa nacional)<\/p>\n<p>F: <a href=\"tel:+351 289 591 201\">+351 289 591 201<\/a><\/p>\n<p style=\"font-size: 11px; margin: -15px 0px;\">(Chamada para a rede fixa nacional)<\/p>\n<p>[\/vc_column_text][vc_empty_space height=&#8221;10px&#8221;]<div class=\"qodef-shortcode qodef-m contacts_title qodef-section-title qodef-alignment--left \">\n\t\t\t<h6 class=\"qodef-m-title\" style=\"color: #3e3930\">\n\t\t\t\t\t\u2014 Restaurante Vila Joya Sea\t\t\t<\/h6>\n\t<\/div>[vc_column_text]T: <a href=\"tel:+351 289 591 795\">+351 289 591 795<\/a><\/p>\n<p style=\"font-size: 11px; margin: -15px 0px;\">(Chamada para a rede fixa nacional)<\/p>\n<p>Almo\u00e7o: 13h00 \u00e0s 14h30<br \/>\nJantar: 19h00 \u00e0s 20h30[\/vc_column_text][vc_empty_space height=&#8221;10px&#8221;]<div class=\"qodef-shortcode qodef-m contacts_title qodef-section-title qodef-alignment--left \">\n\t\t\t<h6 class=\"qodef-m-title\" style=\"color: #3e3930\">\n\t\t\t\t\t\u2014 Endere\u00e7o Postal\t\t\t<\/h6>\n\t<\/div>[vc_column_text]Vila Joya, Apartado 7017<br \/>\nBEC Vale Para\u00edso<br \/>\n8201-927 Albufeira[\/vc_column_text][\/vc_column][\/vc_row][vc_row css=&#8221;.vc_custom_1623951001478{margin-top: -35px !important;margin-bottom: -35px !important;background-color: #ffffff !important;}&#8221;][vc_column offset=&#8221;vc_col-lg-offset-0 vc_col-lg-12 vc_col-md-offset-0 vc_col-md-12 vc_col-sm-offset-0 vc_col-xs-12&#8243; column_responsive_padding_1366=&#8221;35px 0 0 0&#8243; column_responsive_padding_1440=&#8221;35px 0 0 0&#8243; column_responsive_padding_1280=&#8221;35px 0 0 0&#8243; column_responsive_padding_1024=&#8221;0 0 0 0&#8243; column_responsive_padding_768=&#8221;35px 0 0 0&#8243; column_responsive_padding_680=&#8221;35px 0 0 0&#8243; css=&#8221;.vc_custom_1623953350897{margin-bottom: -35px !important;padding-top: 35px !important;padding-bottom: 0px !important;}&#8221;][vc_raw_html]JTNDaWZyYW1lJTIwc3R5bGUlM0QlMjJtYXJnaW4tYm90dG9tJTNBJTIwLTEwcHglM0IlMjIlMjBzcmMlM0QlMjJodHRwcyUzQSUyRiUyRnd3dy5nb29nbGUuY29tJTJGbWFwcyUyRmVtYmVkJTNGcGIlM0QlMjExbTE4JTIxMW0xMiUyMTFtMyUyMTFkMTQwMTguMjc1OTEzNzc5NjE1JTIxMmQtOC4zMTY5MTE1MTM4NjE0MzglMjEzZDM3LjA4MzM1NjI4NTQ5NzA3JTIxMm0zJTIxMWYwJTIxMmYwJTIxM2YwJTIxM20yJTIxMWkxMDI0JTIxMmk3NjglMjE0ZjEzLjElMjEzbTMlMjExbTIlMjExczB4ZDFhZDNjZTZmZWI0ZDRmJTI1M0EweDM4MmYzZWQ3NWQ3ZGEyYTklMjEyc1ZpbGElMjUyMEpveWElMjE1ZTAlMjEzbTIlMjExc2VuJTIxMnNwdCUyMTR2MTYyMzY4NzYzODk0MiUyMTVtMiUyMTFzZW4lMjEyc3B0JTIyJTIwd2lkdGglM0QlMjIxMDAlMjUlMjIlMjBoZWlnaHQlM0QlMjI0NTAlMjIlMjBmcmFtZWJvcmRlciUzRCUyMjAlMjIlMjBzdHlsZSUzRCUyMmJvcmRlciUzQTAlM0IlMjIlMjBhbGxvd2Z1bGxzY3JlZW4lM0QlMjIlMjIlM0UlM0MlMkZpZnJhbWUlM0U=[\/vc_raw_html][\/vc_column][\/vc_row]<\/p>\n","protected":false},"excerpt":{"rendered":"<p>[vc_row content_placement=&#8221;middle&#8221; content_text_alignment=&#8221;center&#8221; el_class=&#8221;img_background_section&#8221; css=&#8221;.vc_custom_1624915336978{background-image: url(https:\/\/www.vilajoya.com\/wp-content\/uploads\/2021\/06\/contact_header_new_v2.jpg?id=3253) !important;}&#8221;][vc_column css=&#8221;.vc_custom_1623953325356{padding-top: 100px !important;padding-bottom: 100px !important;}&#8221; column_responsive_padding_1024=&#8221;100px 0 100px 0&#8243; column_responsive_padding_680=&#8221;100px 0 100px 0&#8243; column_responsive_padding_768=&#8221;100px 0 100px 0&#8243; offset=&#8221;vc_col-lg-offset-0 vc_col-lg-12 vc_col-md-offset-0 vc_col-md-12 vc_col-sm-offset-0 vc_col-xs-12&#8243; column_responsive_padding_1440=&#8221;100px 0 100px 0&#8243; column_responsive_padding_1366=&#8221;100px 0 100px 0&#8243; column_responsive_padding_1280=&#8221;100px 0 100px 0&#8243;][vc_row_inner row_content_width=&#8221;grid&#8221;][vc_column_inner offset=&#8221;vc_col-lg-offset-0 vc_col-lg-12 vc_col-md-offset-0 vc_col-md-12 vc_col-sm-offset-0 vc_col-xs-12&#8243; css=&#8221;.vc_custom_1624915523405{padding-top: 140px !important;padding-right: 20% !important;padding-bottom: 100px [&hellip;]<\/p>\n","protected":false},"author":1,"featured_media":0,"parent":0,"menu_order":0,"comment_status":"closed","ping_status":"closed","template":"page-full-width.php","meta":[],"yoast_head":"<!-- This site is optimized with the Yoast SEO plugin v14.9 - https:\/\/yoast.com\/wordpress\/plugins\/seo\/ -->\n<title>Contacto - Vila Joya<\/title>\n<meta name=\"robots\" content=\"index, follow, max-snippet:-1, max-image-preview:large, max-video-preview:-1\" \/>\n<link rel=\"canonical\" href=\"https:\/\/www.vilajoya.com\/pt-pt\/contacto\/\" \/>\n<meta property=\"og:locale\" content=\"pt_PT\" \/>\n<meta property=\"og:type\" content=\"article\" \/>\n<meta property=\"og:title\" content=\"Contacto - Vila Joya\" \/>\n<meta property=\"og:description\" content=\"[vc_row content_placement=&#8221;middle&#8221; content_text_alignment=&#8221;center&#8221; el_class=&#8221;img_background_section&#8221; css=&#8221;.vc_custom_1624915336978{background-image: url(https:\/\/www.vilajoya.com\/wp-content\/uploads\/2021\/06\/contact_header_new_v2.jpg?id=3253) !important;}&#8221;][vc_column css=&#8221;.vc_custom_1623953325356{padding-top: 100px !important;padding-bottom: 100px !important;}&#8221; column_responsive_padding_1024=&#8221;100px 0 100px 0&#8243; column_responsive_padding_680=&#8221;100px 0 100px 0&#8243; column_responsive_padding_768=&#8221;100px 0 100px 0&#8243; offset=&#8221;vc_col-lg-offset-0 vc_col-lg-12 vc_col-md-offset-0 vc_col-md-12 vc_col-sm-offset-0 vc_col-xs-12&#8243; column_responsive_padding_1440=&#8221;100px 0 100px 0&#8243; column_responsive_padding_1366=&#8221;100px 0 100px 0&#8243; column_responsive_padding_1280=&#8221;100px 0 100px 0&#8243;][vc_row_inner row_content_width=&#8221;grid&#8221;][vc_column_inner offset=&#8221;vc_col-lg-offset-0 vc_col-lg-12 vc_col-md-offset-0 vc_col-md-12 vc_col-sm-offset-0 vc_col-xs-12&#8243; css=&#8221;.vc_custom_1624915523405{padding-top: 140px !important;padding-right: 20% !important;padding-bottom: 100px [&hellip;]\" \/>\n<meta property=\"og:url\" content=\"https:\/\/www.vilajoya.com\/pt-pt\/contacto\/\" \/>\n<meta property=\"og:site_name\" content=\"Vila Joya\" \/>\n<meta property=\"article:modified_time\" content=\"2026-03-13T20:04:52+00:00\" \/>\n<meta name=\"twitter:card\" content=\"summary_large_image\" \/>\n<script type=\"application\/ld+json\" class=\"yoast-schema-graph\">{\"@context\":\"https:\/\/schema.org\",\"@graph\":[{\"@type\":\"WebSite\",\"@id\":\"https:\/\/www.vilajoya.com\/pt-pt\/#website\",\"url\":\"https:\/\/www.vilajoya.com\/pt-pt\/\",\"name\":\"Vila Joya\",\"description\":\"Discover the hidden jewel of the Algarve\",\"potentialAction\":[{\"@type\":\"SearchAction\",\"target\":\"https:\/\/www.vilajoya.com\/pt-pt\/?s={search_term_string}\",\"query-input\":\"required name=search_term_string\"}],\"inLanguage\":\"pt-PT\"},{\"@type\":\"WebPage\",\"@id\":\"https:\/\/www.vilajoya.com\/pt-pt\/contacto\/#webpage\",\"url\":\"https:\/\/www.vilajoya.com\/pt-pt\/contacto\/\",\"name\":\"Contacto - Vila Joya\",\"isPartOf\":{\"@id\":\"https:\/\/www.vilajoya.com\/pt-pt\/#website\"},\"datePublished\":\"2021-06-17T17:30:15+00:00\",\"dateModified\":\"2026-03-13T20:04:52+00:00\",\"inLanguage\":\"pt-PT\",\"potentialAction\":[{\"@type\":\"ReadAction\",\"target\":[\"https:\/\/www.vilajoya.com\/pt-pt\/contacto\/\"]}]}]}<\/script>\n<!-- \/ Yoast SEO plugin. -->","_links":{"self":[{"href":"https:\/\/www.vilajoya.com\/pt-pt\/wp-json\/wp\/v2\/pages\/3697\/"}],"collection":[{"href":"https:\/\/www.vilajoya.com\/pt-pt\/wp-json\/wp\/v2\/pages\/"}],"about":[{"href":"https:\/\/www.vilajoya.com\/pt-pt\/wp-json\/wp\/v2\/types\/page\/"}],"author":[{"embeddable":true,"href":"https:\/\/www.vilajoya.com\/pt-pt\/wp-json\/wp\/v2\/users\/1\/"}],"replies":[{"embeddable":true,"href":"https:\/\/www.vilajoya.com\/pt-pt\/wp-json\/wp\/v2\/comments\/?post=3697"}],"version-history":[{"count":13,"href":"https:\/\/www.vilajoya.com\/pt-pt\/wp-json\/wp\/v2\/pages\/3697\/revisions\/"}],"predecessor-version":[{"id":6424,"href":"https:\/\/www.vilajoya.com\/pt-pt\/wp-json\/wp\/v2\/pages\/3697\/revisions\/6424\/"}],"wp:attachment":[{"href":"https:\/\/www.vilajoya.com\/pt-pt\/wp-json\/wp\/v2\/media\/?parent=3697"}],"curies":[{"name":"wp","href":"https:\/\/api.w.org\/{rel}","templated":true}]}}