{"id":3572,"date":"2021-06-21T19:04:32","date_gmt":"2021-06-21T19:04:32","guid":{"rendered":"https:\/\/www.vilajoya.com\/zimmer-und-suiten\/master-royal-suite-alegria\/"},"modified":"2026-04-24T13:25:51","modified_gmt":"2026-04-24T13:25:51","slug":"master-royal-suite-alegria","status":"publish","type":"page","link":"https:\/\/www.vilajoya.com\/de\/zimmer-und-suiten\/master-royal-suite-alegria\/","title":{"rendered":"Master Royal Suite Alegria"},"content":{"rendered":"<p>[vc_row content_placement=&#8221;middle&#8221; content_text_alignment=&#8221;center&#8221; el_class=&#8221;img_background_section&#8221; css=&#8221;.vc_custom_1624557855217{background-image: url(https:\/\/www.vilajoya.com\/wp-content\/uploads\/2021\/06\/alegria_header_v1.jpg?id=3007) !important;}&#8221;][vc_column css=&#8221;.vc_custom_1623953325356{padding-top: 100px !important;padding-bottom: 100px !important;}&#8221; column_responsive_padding_1024=&#8221;100px 0 100px 0&#8243; column_responsive_padding_680=&#8221;100px 0 100px 0&#8243; column_responsive_padding_768=&#8221;100px 0 100px 0&#8243; offset=&#8221;vc_col-lg-offset-0 vc_col-lg-12 vc_col-md-offset-0 vc_col-md-12 vc_col-sm-offset-0 vc_col-xs-12&#8243; column_responsive_padding_1440=&#8221;100px 0 100px 0&#8243; column_responsive_padding_1366=&#8221;100px 0 100px 0&#8243; column_responsive_padding_1280=&#8221;100px 0 100px 0&#8243;][vc_row_inner row_content_width=&#8221;grid&#8221;][vc_column_inner offset=&#8221;vc_col-lg-offset-0 vc_col-lg-12 vc_col-md-offset-0 vc_col-md-12 vc_col-sm-offset-0 vc_col-xs-12&#8243; css=&#8221;.vc_custom_1624313067819{padding-top: 160px !important;padding-bottom: 150px !important;}&#8221; column_responsive_padding_1440=&#8221;105px 0 100px 0&#8243; column_responsive_padding_1366=&#8221;120px 0 105px 0&#8243; column_responsive_padding_1280=&#8221;125px 0 105px 0&#8243; column_responsive_padding_1024=&#8221;160px 23% 75px 23%&#8221; column_responsive_padding_768=&#8221;160px 11% 75px 11%&#8221; column_responsive_padding_680=&#8221;135px 0 40px 0&#8243;]<div class=\"qodef-shortcode qodef-m  qodef-section-title qodef-alignment--center \">\n\t\t<p class=\"qodef-m-subtitle\" style=\"color: #ffffff\">Master Royal Suite<\/p>\n\t\t<h1 class=\"qodef-m-title\" style=\"color: #ffffff\">\n\t\t\t\t\tAlegria\t\t\t<\/h1>\n\t<\/div>[\/vc_column_inner][\/vc_row_inner][\/vc_column][\/vc_row][vc_row content_placement=&#8221;middle&#8221; content_text_alignment=&#8221;left&#8221; css=&#8221;.vc_custom_1628371384755{padding-top: 95px !important;padding-bottom: 85px !important;}&#8221; el_class=&#8221;italic-title&#8221;][vc_column css=&#8221;.vc_custom_1624544661483{padding-top: 0px !important;padding-right: 8% !important;padding-bottom: 0px !important;padding-left: 32% !important;}&#8221; offset=&#8221;vc_col-lg-offset-0 vc_col-lg-6 vc_col-md-offset-0 vc_col-md-6 vc_col-sm-offset-0 vc_col-xs-12&#8243; column_responsive_padding_768=&#8221;0 16.6% 50px 10.4%&#8221; column_responsive_padding_680=&#8221;0 10% 40px 10%&#8221; column_responsive_padding_1024=&#8221;0 4% 0 10%&#8221; column_responsive_padding_1280=&#8221;0 8% 0 32%&#8221; column_responsive_padding_1366=&#8221;0 8% 0 32%&#8221; column_responsive_padding_1440=&#8221;0 8% 0 32%&#8221;]<div class=\"qodef-shortcode qodef-m  qodef-section-title qodef-alignment--left \">\n\t\t\t<h3 class=\"qodef-m-title\" style=\"color: #b18235\">\n\t\t\t\t\tMaster Royal Suite\t\t\t<\/h3>\n\t<\/div>[vc_empty_space height=&#8221;10px&#8221;][vc_column_text]<strong>\u2014 Zimmerausstattung:<br \/>\n<\/strong><\/p>\n<p>Die luxuri\u00f6seste Suite der Vila Joya | Klassische und exotische Akzente | Ausgew\u00e4hlte Antiquit\u00e4ten | Gro\u00dfes Wohnzimmer mit G\u00e4stetoilette | Essbereich im Wohnraum | Privater Garten | Beheizter Pool mit Gegenschwimm-Anlage | Grosse Outdoor Dusche mit Blick in den Himmel | Essbereich im Freien | XXL Sofa | Sonnenliegen | Parterre | 140 m\u00b2.<\/p>\n<p><strong>\u2014 Badezimmerausstattung:<br \/>\n<\/strong><\/p>\n<p>Badewanne mit Meerblick | Regendusche mit integriertem Dampfbad | Doppelwaschbecken | Separate Toilette.[\/vc_column_text][vc_empty_space height=&#8221;10px&#8221;]<div class=\"qodef-shortcode qodef-m  qodef-section-title qodef-alignment--left \">\n\t\t\t<h5 class=\"qodef-m-title\" style=\"color: #b18235\">\n\t\t\t\t\tPreis je nach Saison von 2.940 Euro bis 3.680 Euro\t\t\t<\/h5>\n\t<\/div>[vc_empty_space height=&#8221;25px&#8221;]<a class=\"qodef-shortcode qodef-m  qodef-button qodef-layout--textual  qodef-html--link\" href=\"https:\/\/www.secure-hotel-booking.com\/Vila-Joya-Joy-Jung-Spa\/2FAW\/de\/\" target=\"_blank\" data-hover-color=\"#b18235\" style=\"color: #b18235;font-size: 12px;text-transform: uppercase;margin: -20px 0 0 0\">\n\t<span class=\"qodef-m-text\">VERF\u00dcGBARKEIT<\/span>\n<\/a>[\/vc_column][vc_column width=&#8221;2\/3&#8243; css=&#8221;.vc_custom_1624557596392{padding-top: 5px !important;padding-bottom: 15px !important;padding-left: 8% !important;}&#8221; column_responsive_padding_1366=&#8221;5px 0 15px 8%&#8221; column_responsive_padding_1440=&#8221;5px 0 15px 8%&#8221; offset=&#8221;vc_col-lg-offset-0 vc_col-lg-6 vc_col-md-offset-0 vc_col-md-6 vc_col-sm-offset-0 vc_col-xs-12&#8243; column_responsive_padding_768=&#8221;0 0 15px 10.4%&#8221; column_responsive_padding_680=&#8221;0 7% 15px 7%&#8221; column_responsive_padding_1024=&#8221;0 0 0 8%&#8221; column_responsive_padding_1280=&#8221;5px 0 15px 8%&#8221;]<div class=\"qodef-shortcode qodef-m  qodef-image-gallery  qodef-grid qodef-swiper-container  qodef-gutter--no qodef-col-num--1  qodef-responsive--predefined\" data-options=\"{&quot;slidesPerView&quot;:&quot;1&quot;,&quot;spaceBetween&quot;:0,&quot;loop&quot;:true,&quot;autoplay&quot;:true,&quot;speed&quot;:&quot;5500&quot;,&quot;speedAnimation&quot;:&quot;&quot;}\">\n\t<div class=\"swiper-wrapper\">\n\t\t<div class=\"qodef-e qodef-image-wrapper swiper-slide\">\n\t\t\t<img width=\"1400\" height=\"1100\" src=\"https:\/\/www.vilajoya.com\/wp-content\/uploads\/2025\/01\/alegria_gallery_main_new.jpg\" class=\"attachment-full size-full\" alt=\"\" loading=\"lazy\" srcset=\"https:\/\/www.vilajoya.com\/wp-content\/uploads\/2025\/01\/alegria_gallery_main_new.jpg 1400w, https:\/\/www.vilajoya.com\/wp-content\/uploads\/2025\/01\/alegria_gallery_main_new-300x236.jpg 300w, https:\/\/www.vilajoya.com\/wp-content\/uploads\/2025\/01\/alegria_gallery_main_new-1024x805.jpg 1024w, https:\/\/www.vilajoya.com\/wp-content\/uploads\/2025\/01\/alegria_gallery_main_new-768x603.jpg 768w\" sizes=\"(max-width: 1400px) 100vw, 1400px\" \/>\t<\/div><div class=\"qodef-e qodef-image-wrapper swiper-slide\">\n\t\t\t<img width=\"1400\" height=\"1100\" src=\"https:\/\/www.vilajoya.com\/wp-content\/uploads\/2021\/06\/alegria_01.jpg\" class=\"attachment-full size-full\" alt=\"\" loading=\"lazy\" srcset=\"https:\/\/www.vilajoya.com\/wp-content\/uploads\/2021\/06\/alegria_01.jpg 1400w, https:\/\/www.vilajoya.com\/wp-content\/uploads\/2021\/06\/alegria_01-300x236.jpg 300w, https:\/\/www.vilajoya.com\/wp-content\/uploads\/2021\/06\/alegria_01-1024x805.jpg 1024w, https:\/\/www.vilajoya.com\/wp-content\/uploads\/2021\/06\/alegria_01-768x603.jpg 768w\" sizes=\"(max-width: 1400px) 100vw, 1400px\" \/>\t<\/div><div class=\"qodef-e qodef-image-wrapper swiper-slide\">\n\t\t\t<img width=\"1400\" height=\"1100\" src=\"https:\/\/www.vilajoya.com\/wp-content\/uploads\/2021\/06\/alegria_02.jpg\" class=\"attachment-full size-full\" alt=\"\" loading=\"lazy\" srcset=\"https:\/\/www.vilajoya.com\/wp-content\/uploads\/2021\/06\/alegria_02.jpg 1400w, https:\/\/www.vilajoya.com\/wp-content\/uploads\/2021\/06\/alegria_02-300x236.jpg 300w, https:\/\/www.vilajoya.com\/wp-content\/uploads\/2021\/06\/alegria_02-1024x805.jpg 1024w, https:\/\/www.vilajoya.com\/wp-content\/uploads\/2021\/06\/alegria_02-768x603.jpg 768w\" sizes=\"(max-width: 1400px) 100vw, 1400px\" \/>\t<\/div><div class=\"qodef-e qodef-image-wrapper swiper-slide\">\n\t\t\t<img width=\"1400\" height=\"1100\" src=\"https:\/\/www.vilajoya.com\/wp-content\/uploads\/2021\/06\/alegria_03.jpg\" class=\"attachment-full size-full\" alt=\"\" loading=\"lazy\" srcset=\"https:\/\/www.vilajoya.com\/wp-content\/uploads\/2021\/06\/alegria_03.jpg 1400w, https:\/\/www.vilajoya.com\/wp-content\/uploads\/2021\/06\/alegria_03-300x236.jpg 300w, https:\/\/www.vilajoya.com\/wp-content\/uploads\/2021\/06\/alegria_03-1024x805.jpg 1024w, https:\/\/www.vilajoya.com\/wp-content\/uploads\/2021\/06\/alegria_03-768x603.jpg 768w\" sizes=\"(max-width: 1400px) 100vw, 1400px\" \/>\t<\/div><div class=\"qodef-e qodef-image-wrapper swiper-slide\">\n\t\t\t<img width=\"1400\" height=\"1100\" src=\"https:\/\/www.vilajoya.com\/wp-content\/uploads\/2021\/06\/alegria_04.jpg\" class=\"attachment-full size-full\" alt=\"\" loading=\"lazy\" srcset=\"https:\/\/www.vilajoya.com\/wp-content\/uploads\/2021\/06\/alegria_04.jpg 1400w, https:\/\/www.vilajoya.com\/wp-content\/uploads\/2021\/06\/alegria_04-300x236.jpg 300w, https:\/\/www.vilajoya.com\/wp-content\/uploads\/2021\/06\/alegria_04-1024x805.jpg 1024w, https:\/\/www.vilajoya.com\/wp-content\/uploads\/2021\/06\/alegria_04-768x603.jpg 768w\" sizes=\"(max-width: 1400px) 100vw, 1400px\" \/>\t<\/div><div class=\"qodef-e qodef-image-wrapper swiper-slide\">\n\t\t\t<img width=\"1400\" height=\"1100\" src=\"https:\/\/www.vilajoya.com\/wp-content\/uploads\/2021\/06\/alegria_05.jpg\" class=\"attachment-full size-full\" alt=\"\" loading=\"lazy\" srcset=\"https:\/\/www.vilajoya.com\/wp-content\/uploads\/2021\/06\/alegria_05.jpg 1400w, https:\/\/www.vilajoya.com\/wp-content\/uploads\/2021\/06\/alegria_05-300x236.jpg 300w, https:\/\/www.vilajoya.com\/wp-content\/uploads\/2021\/06\/alegria_05-1024x805.jpg 1024w, https:\/\/www.vilajoya.com\/wp-content\/uploads\/2021\/06\/alegria_05-768x603.jpg 768w\" sizes=\"(max-width: 1400px) 100vw, 1400px\" \/>\t<\/div><div class=\"qodef-e qodef-image-wrapper swiper-slide\">\n\t\t\t<img width=\"1400\" height=\"1100\" src=\"https:\/\/www.vilajoya.com\/wp-content\/uploads\/2021\/06\/alegria_06.jpg\" class=\"attachment-full size-full\" alt=\"\" loading=\"lazy\" srcset=\"https:\/\/www.vilajoya.com\/wp-content\/uploads\/2021\/06\/alegria_06.jpg 1400w, https:\/\/www.vilajoya.com\/wp-content\/uploads\/2021\/06\/alegria_06-300x236.jpg 300w, https:\/\/www.vilajoya.com\/wp-content\/uploads\/2021\/06\/alegria_06-1024x805.jpg 1024w, https:\/\/www.vilajoya.com\/wp-content\/uploads\/2021\/06\/alegria_06-768x603.jpg 768w\" sizes=\"(max-width: 1400px) 100vw, 1400px\" \/>\t<\/div><div class=\"qodef-e qodef-image-wrapper swiper-slide\">\n\t\t\t<img width=\"1400\" height=\"1100\" src=\"https:\/\/www.vilajoya.com\/wp-content\/uploads\/2021\/06\/alegria_07.jpg\" class=\"attachment-full size-full\" alt=\"\" loading=\"lazy\" srcset=\"https:\/\/www.vilajoya.com\/wp-content\/uploads\/2021\/06\/alegria_07.jpg 1400w, https:\/\/www.vilajoya.com\/wp-content\/uploads\/2021\/06\/alegria_07-300x236.jpg 300w, https:\/\/www.vilajoya.com\/wp-content\/uploads\/2021\/06\/alegria_07-1024x805.jpg 1024w, https:\/\/www.vilajoya.com\/wp-content\/uploads\/2021\/06\/alegria_07-768x603.jpg 768w\" sizes=\"(max-width: 1400px) 100vw, 1400px\" \/>\t<\/div><div class=\"qodef-e qodef-image-wrapper swiper-slide\">\n\t\t\t<img width=\"1400\" height=\"1100\" src=\"https:\/\/www.vilajoya.com\/wp-content\/uploads\/2024\/01\/bw_09.jpg\" class=\"attachment-full size-full\" alt=\"\" loading=\"lazy\" srcset=\"https:\/\/www.vilajoya.com\/wp-content\/uploads\/2024\/01\/bw_09.jpg 1400w, https:\/\/www.vilajoya.com\/wp-content\/uploads\/2024\/01\/bw_09-300x236.jpg 300w, https:\/\/www.vilajoya.com\/wp-content\/uploads\/2024\/01\/bw_09-1024x805.jpg 1024w, https:\/\/www.vilajoya.com\/wp-content\/uploads\/2024\/01\/bw_09-768x603.jpg 768w\" sizes=\"(max-width: 1400px) 100vw, 1400px\" \/>\t<\/div>\t<\/div>\n\t\t\t<div class=\"swiper-button-next\"><\/div>\n\t\t<div class=\"swiper-button-prev\"><\/div>\n\t\t<\/div>[\/vc_column][\/vc_row]<\/p>\n","protected":false},"excerpt":{"rendered":"<p>[vc_row content_placement=&#8221;middle&#8221; content_text_alignment=&#8221;center&#8221; el_class=&#8221;img_background_section&#8221; css=&#8221;.vc_custom_1624557855217{background-image: url(https:\/\/www.vilajoya.com\/wp-content\/uploads\/2021\/06\/alegria_header_v1.jpg?id=3007) !important;}&#8221;][vc_column css=&#8221;.vc_custom_1623953325356{padding-top: 100px !important;padding-bottom: 100px !important;}&#8221; column_responsive_padding_1024=&#8221;100px 0 100px 0&#8243; column_responsive_padding_680=&#8221;100px 0 100px 0&#8243; column_responsive_padding_768=&#8221;100px 0 100px 0&#8243; offset=&#8221;vc_col-lg-offset-0 vc_col-lg-12 vc_col-md-offset-0 vc_col-md-12 vc_col-sm-offset-0 vc_col-xs-12&#8243; column_responsive_padding_1440=&#8221;100px 0 100px 0&#8243; column_responsive_padding_1366=&#8221;100px 0 100px 0&#8243; column_responsive_padding_1280=&#8221;100px 0 100px 0&#8243;][vc_row_inner row_content_width=&#8221;grid&#8221;][vc_column_inner offset=&#8221;vc_col-lg-offset-0 vc_col-lg-12 vc_col-md-offset-0 vc_col-md-12 vc_col-sm-offset-0 vc_col-xs-12&#8243; css=&#8221;.vc_custom_1624313067819{padding-top: 160px !important;padding-bottom: 150px !important;}&#8221; column_responsive_padding_1440=&#8221;105px [&hellip;]<\/p>\n","protected":false},"author":1,"featured_media":0,"parent":3551,"menu_order":1,"comment_status":"closed","ping_status":"closed","template":"page-full-width.php","meta":[],"yoast_head":"<!-- This site is optimized with the Yoast SEO plugin v14.9 - https:\/\/yoast.com\/wordpress\/plugins\/seo\/ -->\n<title>Master Royal Suite Alegria - Vila Joya<\/title>\n<meta name=\"robots\" content=\"index, follow, max-snippet:-1, max-image-preview:large, max-video-preview:-1\" \/>\n<link rel=\"canonical\" href=\"https:\/\/www.vilajoya.com\/de\/zimmer-und-suiten\/master-royal-suite-alegria\/\" \/>\n<meta property=\"og:locale\" content=\"de_DE\" \/>\n<meta property=\"og:type\" content=\"article\" \/>\n<meta property=\"og:title\" content=\"Master Royal Suite Alegria - Vila Joya\" \/>\n<meta property=\"og:description\" content=\"[vc_row content_placement=&#8221;middle&#8221; content_text_alignment=&#8221;center&#8221; el_class=&#8221;img_background_section&#8221; css=&#8221;.vc_custom_1624557855217{background-image: url(https:\/\/www.vilajoya.com\/wp-content\/uploads\/2021\/06\/alegria_header_v1.jpg?id=3007) !important;}&#8221;][vc_column css=&#8221;.vc_custom_1623953325356{padding-top: 100px !important;padding-bottom: 100px !important;}&#8221; column_responsive_padding_1024=&#8221;100px 0 100px 0&#8243; column_responsive_padding_680=&#8221;100px 0 100px 0&#8243; column_responsive_padding_768=&#8221;100px 0 100px 0&#8243; offset=&#8221;vc_col-lg-offset-0 vc_col-lg-12 vc_col-md-offset-0 vc_col-md-12 vc_col-sm-offset-0 vc_col-xs-12&#8243; column_responsive_padding_1440=&#8221;100px 0 100px 0&#8243; column_responsive_padding_1366=&#8221;100px 0 100px 0&#8243; column_responsive_padding_1280=&#8221;100px 0 100px 0&#8243;][vc_row_inner row_content_width=&#8221;grid&#8221;][vc_column_inner offset=&#8221;vc_col-lg-offset-0 vc_col-lg-12 vc_col-md-offset-0 vc_col-md-12 vc_col-sm-offset-0 vc_col-xs-12&#8243; css=&#8221;.vc_custom_1624313067819{padding-top: 160px !important;padding-bottom: 150px !important;}&#8221; column_responsive_padding_1440=&#8221;105px [&hellip;]\" \/>\n<meta property=\"og:url\" content=\"https:\/\/www.vilajoya.com\/de\/zimmer-und-suiten\/master-royal-suite-alegria\/\" \/>\n<meta property=\"og:site_name\" content=\"Vila Joya\" \/>\n<meta property=\"article:modified_time\" content=\"2026-04-24T13:25:51+00:00\" \/>\n<meta name=\"twitter:card\" content=\"summary_large_image\" \/>\n<script type=\"application\/ld+json\" class=\"yoast-schema-graph\">{\"@context\":\"https:\/\/schema.org\",\"@graph\":[{\"@type\":\"WebSite\",\"@id\":\"https:\/\/www.vilajoya.com\/de\/#website\",\"url\":\"https:\/\/www.vilajoya.com\/de\/\",\"name\":\"Vila Joya\",\"description\":\"Discover the hidden jewel of the Algarve\",\"potentialAction\":[{\"@type\":\"SearchAction\",\"target\":\"https:\/\/www.vilajoya.com\/de\/?s={search_term_string}\",\"query-input\":\"required name=search_term_string\"}],\"inLanguage\":\"de-DE\"},{\"@type\":\"WebPage\",\"@id\":\"https:\/\/www.vilajoya.com\/de\/zimmer-und-suiten\/master-royal-suite-alegria\/#webpage\",\"url\":\"https:\/\/www.vilajoya.com\/de\/zimmer-und-suiten\/master-royal-suite-alegria\/\",\"name\":\"Master Royal Suite Alegria - Vila Joya\",\"isPartOf\":{\"@id\":\"https:\/\/www.vilajoya.com\/de\/#website\"},\"datePublished\":\"2021-06-21T19:04:32+00:00\",\"dateModified\":\"2026-04-24T13:25:51+00:00\",\"inLanguage\":\"de-DE\",\"potentialAction\":[{\"@type\":\"ReadAction\",\"target\":[\"https:\/\/www.vilajoya.com\/de\/zimmer-und-suiten\/master-royal-suite-alegria\/\"]}]}]}<\/script>\n<!-- \/ Yoast SEO plugin. -->","_links":{"self":[{"href":"https:\/\/www.vilajoya.com\/de\/wp-json\/wp\/v2\/pages\/3572\/"}],"collection":[{"href":"https:\/\/www.vilajoya.com\/de\/wp-json\/wp\/v2\/pages\/"}],"about":[{"href":"https:\/\/www.vilajoya.com\/de\/wp-json\/wp\/v2\/types\/page\/"}],"author":[{"embeddable":true,"href":"https:\/\/www.vilajoya.com\/de\/wp-json\/wp\/v2\/users\/1\/"}],"replies":[{"embeddable":true,"href":"https:\/\/www.vilajoya.com\/de\/wp-json\/wp\/v2\/comments\/?post=3572"}],"version-history":[{"count":9,"href":"https:\/\/www.vilajoya.com\/de\/wp-json\/wp\/v2\/pages\/3572\/revisions\/"}],"predecessor-version":[{"id":6536,"href":"https:\/\/www.vilajoya.com\/de\/wp-json\/wp\/v2\/pages\/3572\/revisions\/6536\/"}],"up":[{"embeddable":true,"href":"https:\/\/www.vilajoya.com\/de\/wp-json\/wp\/v2\/pages\/3551\/"}],"wp:attachment":[{"href":"https:\/\/www.vilajoya.com\/de\/wp-json\/wp\/v2\/media\/?parent=3572"}],"curies":[{"name":"wp","href":"https:\/\/api.w.org\/{rel}","templated":true}]}}