{"id":3495,"date":"2021-06-18T13:10:14","date_gmt":"2021-06-18T13:10:14","guid":{"rendered":"https:\/\/www.vilajoya.com\/privacy-policy\/"},"modified":"2021-07-30T12:54:36","modified_gmt":"2021-07-30T12:54:36","slug":"datenschutz-bestimmungen","status":"publish","type":"page","link":"https:\/\/www.vilajoya.com\/de\/datenschutz-bestimmungen\/","title":{"rendered":"Datenschutz Bestimmungen"},"content":{"rendered":"<p>[vc_row content_placement=&#8221;middle&#8221; content_text_alignment=&#8221;center&#8221; el_class=&#8221;img_background_section&#8221; css=&#8221;.vc_custom_1624915848958{background-image: url(https:\/\/www.vilajoya.com\/wp-content\/uploads\/2021\/06\/privacy_policy_header_v1.jpg?id=3258) !important;}&#8221;][vc_column css=&#8221;.vc_custom_1623953325356{padding-top: 100px !important;padding-bottom: 100px !important;}&#8221; column_responsive_padding_1024=&#8221;100px 0 100px 0&#8243; column_responsive_padding_680=&#8221;100px 0 100px 0&#8243; column_responsive_padding_768=&#8221;100px 0 100px 0&#8243; offset=&#8221;vc_col-lg-offset-0 vc_col-lg-12 vc_col-md-offset-0 vc_col-md-12 vc_col-sm-offset-0 vc_col-xs-12&#8243; column_responsive_padding_1440=&#8221;100px 0 100px 0&#8243; column_responsive_padding_1366=&#8221;100px 0 100px 0&#8243; column_responsive_padding_1280=&#8221;100px 0 100px 0&#8243;][vc_row_inner row_content_width=&#8221;grid&#8221;][vc_column_inner offset=&#8221;vc_col-lg-offset-0 vc_col-lg-12 vc_col-md-offset-0 vc_col-md-12 vc_col-sm-offset-0 vc_col-xs-12&#8243; css=&#8221;.vc_custom_1624915740160{padding-top: 140px !important;padding-right: 20% !important;padding-bottom: 100px !important;padding-left: 20% !important;}&#8221; column_responsive_padding_1440=&#8221;120px 15% 85px 15%&#8221; column_responsive_padding_1366=&#8221;115px 12% 60px 12%&#8221; column_responsive_padding_1280=&#8221;120px 12% 85px 12%&#8221; column_responsive_padding_1024=&#8221;160px 5% 40px 5%&#8221; column_responsive_padding_768=&#8221;150px 5% 40px 5%&#8221; column_responsive_padding_680=&#8221;140px 0 25px 0&#8243;]<div class=\"qodef-shortcode qodef-m  qodef-section-title qodef-alignment--center \">\n\t\t<p class=\"qodef-m-subtitle\" style=\"color: #ffffff\">Vila Joya<\/p>\n\t\t<h1 class=\"qodef-m-title\" style=\"color: #ffffff\">\n\t\t\t\t\tDatenschutz Bestimmungen\t\t\t<\/h1>\n\t<\/div>[\/vc_column_inner][\/vc_row_inner][\/vc_column][\/vc_row][vc_row row_content_width=&#8221;grid&#8221; content_text_alignment=&#8221;left&#8221; css=&#8221;.vc_custom_1624023355511{padding-top: 95px !important;padding-bottom: 60px !important;background-color: #ffffff !important;}&#8221;][vc_column css=&#8221;.vc_custom_1624024053155{padding-top: 0px !important;padding-bottom: 0px !important;}&#8221; offset=&#8221;vc_col-lg-offset-0 vc_col-lg-10 vc_col-md-offset-0 vc_col-md-11 vc_col-sm-offset-0 vc_col-xs-12&#8243; column_responsive_padding_1440=&#8221;0 0 0 6%&#8221; column_responsive_padding_1366=&#8221;0 0 0 6%&#8221; column_responsive_padding_1280=&#8221;0 0 0 2%&#8221; column_responsive_padding_1024=&#8221;0 0 0 0&#8243; column_responsive_padding_768=&#8221;0 0 0 0&#8243; column_responsive_padding_680=&#8221;0 0 0 0&#8243;]<div class=\"qodef-shortcode qodef-m  qodef-section-title qodef-alignment--left \">\n\t\t<p class=\"qodef-m-subtitle\" style=\"color: #3e3930\">Vila Joya<\/p>\n\t\t<h3 class=\"qodef-m-title\" >\n\t\t\t\t\tGesch\u00e4ftsbedingungen\t\t\t<\/h3>\n\t<\/div>[vc_empty_space height=&#8221;10px&#8221;][vc_column_text]Vila Joya &#8211; Vila Joya II Investments Sa, processes all information related to the personal data of its customers with the utmost confidentiality and security.<\/p>\n<p>Your data is processed in compliance with the General Data Protection Regulation (Regulation EU 2016\/679 of the European Parliament and of the Council), applicable since 25 May, 2018, to all Member States of the European Union, which establishes the rules regarding the collection, processing and protection of personal data, of natural persons, and in compliance with other legislation applicable to this matter, in order to ensure greater protection for personal data subjects.<\/p>\n<p>We need to collect and process some of your personal data, which is a necessary requirement for the provision of our hotel and accommodation services, processing your reservation, namely to be able to identify you as a Vila Joya guest, for vouchers, travel bookings, activity bookings, spa treatments. We only collect and process the personal data that is strictly necessary for the execution of the contract for the provision of hotel services, or pre-contractual procedures at the request of the data subject.<\/p>\n<p>Subject to your consent, which may be withdrawn at any time, without prejudice to the validity of the processing carried out on the basis of the previously provided consent, we may send you Newsletters to provide you with information, as well as keep you up-to-date with the latest news about our services, products, campaigns and promotions among others.<\/p>\n<p>This Privacy Policy aims to inform you about the purposes of collecting and processing your personal data.<\/p>\n<p>When you visit our website, you will have to fill in the fields indicated in the Annex to this Privacy Policy so that we can contact you. The personal data provided in fields of the Annex are an indispensable requirement for the conclusion of the contract for the provision of hotel services with us.[\/vc_column_text]<div class=\"qodef-shortcode qodef-m  qodef-separator clear \">\n\t<div class=\"qodef-m-line\" style=\"border-color: #d0922b85;border-style: solid;width: 7%;border-bottom-width: 2px;margin-top: 10px;margin-bottom: 35px\"><\/div>\n<\/div><div class=\"qodef-shortcode qodef-m  qodef-section-title qodef-alignment--left \">\n\t\t\t<h4 class=\"qodef-m-title\" >\n\t\t\t\t\tData Controller\t\t\t<\/h4>\n\t<\/div>[vc_empty_space height=&#8221;10px&#8221;][vc_column_text]Vila Joya &#8211; Vila Joya II Investments Sa, with single registration number at the Silves Commercial Registry Office &#8211; Algarve and Legal Person 510630731, the share capital of EUR 50.000, head office at Edif\u00edcio Alto dos Navegantes, Bloco A, Loja A, civil parish of Arma\u00e7\u00e3o de P\u00eara, email <a href=\"mailto:info@vilajoya.com\">info@vilajoya.com<\/a> and telephone number <a href=\"tel:+351 289 591 795\">+351 289 591 795<\/a>, (&#8220;VILA JOYA&#8221;) is the Data Controller for your personal data.[\/vc_column_text]<div class=\"qodef-shortcode qodef-m  qodef-separator clear \">\n\t<div class=\"qodef-m-line\" style=\"border-color: #d0922b85;border-style: solid;width: 7%;border-bottom-width: 2px;margin-top: 10px;margin-bottom: 35px\"><\/div>\n<\/div><div class=\"qodef-shortcode qodef-m  qodef-section-title qodef-alignment--left \">\n\t\t\t<h4 class=\"qodef-m-title\" >\n\t\t\t\t\tPurpose of personal data collection and processing\t\t\t<\/h4>\n\t<\/div>[vc_empty_space height=&#8221;10px&#8221;][vc_column_text]The purpose of collecting your personal data is your registration in the Vila Joya database, for which we require you to provide us with some of your personal data, for the execution of the hotel service contract, pre-contractual procedures at the request of the data subject, and compliance with legal obligations, for reservations by guests, contact management, billing, and sending emails of an operational nature, e.g., if we have to contact you to inform you of any changes to your reservation.<\/p>\n<p>Subject to your consent, which may be withdrawn at any time, without prejudice to the validity of the processing carried out on the basis of the previously provided consent, we require that you provide us some of your personal data so we can keep you up-to-date with marketing operations, newsletters, campaigns and promotions.[\/vc_column_text]<div class=\"qodef-shortcode qodef-m  qodef-separator clear \">\n\t<div class=\"qodef-m-line\" style=\"border-color: #d0922b85;border-style: solid;width: 7%;border-bottom-width: 2px;margin-top: 10px;margin-bottom: 35px\"><\/div>\n<\/div><div class=\"qodef-shortcode qodef-m  qodef-section-title qodef-alignment--left \">\n\t\t\t<h4 class=\"qodef-m-title\" >\n\t\t\t\t\tCategories of Personal Data\t\t\t<\/h4>\n\t<\/div>[vc_empty_space height=&#8221;10px&#8221;][vc_column_text]&#8221;Personal Data&#8221; means any information relating to an identified or identifiable natural person (&#8220;data subject&#8221;); an identifiable natural person is one who can be identified, directly or indirectly, in particular by reference to an identifier such as a name, an identification number, location data, an online identifier or to one or more factors specific to the physical, physiological, genetic, mental, economic, cultural or social identity of that natural person.<\/p>\n<p>For the performance of its activity and the above mentioned purposes, Vila Joya processes, inter alia, the following data:<\/p>\n<ul>\n<li>Identification data (Citizen Card no., or Passport no. \u2013 your express consent is required to obtain a copy of these documents \u2013 and tax identification number);<\/li>\n<li>Contact details: Address, telephone number, mobile phone, e-mail address;<\/li>\n<li>Credit card data;<\/li>\n<li>Vila Joya may eventually require data regarding your health, e.g. we need to know if you have any food allergies or require special care.<\/li>\n<li>These data are considered &#8220;special category data&#8221; under the General Data Protection Regulation. Therefore, we require your explicit consent for this purpose.<\/li>\n<\/ul>\n<p>[\/vc_column_text]<div class=\"qodef-shortcode qodef-m  qodef-separator clear \">\n\t<div class=\"qodef-m-line\" style=\"border-color: #d0922b85;border-style: solid;width: 7%;border-bottom-width: 2px;margin-top: 10px;margin-bottom: 35px\"><\/div>\n<\/div><div class=\"qodef-shortcode qodef-m  qodef-section-title qodef-alignment--left \">\n\t\t\t<h4 class=\"qodef-m-title\" >\n\t\t\t\t\tRetention period of personal data\t\t\t<\/h4>\n\t<\/div>[vc_empty_space height=&#8221;10px&#8221;][vc_column_text]Your collected personal data is processed in the strictest compliance with applicable law and is stored in our databases for this purpose.<\/p>\n<p>The period of time during which your personal data will be stored and kept varies according to the purpose of data collection. However, whenever there is no specific legal requirement, the data will be stored only for the period strictly necessary for the purposes of its collection.[\/vc_column_text]<div class=\"qodef-shortcode qodef-m  qodef-separator clear \">\n\t<div class=\"qodef-m-line\" style=\"border-color: #d0922b85;border-style: solid;width: 7%;border-bottom-width: 2px;margin-top: 10px;margin-bottom: 35px\"><\/div>\n<\/div><div class=\"qodef-shortcode qodef-m  qodef-section-title qodef-alignment--left \">\n\t\t\t<h4 class=\"qodef-m-title\" >\n\t\t\t\t\tData recipients\t\t\t<\/h4>\n\t<\/div>[vc_empty_space height=&#8221;10px&#8221;][vc_column_text]As a rule, your personal data will not be shared with third parties without your consent. However, we may have to share some of your personal data with third parties, namely in order to comply with legal obligations, such as judicial and tax authorities or insurance companies (in case of any accident or claim for damage), or if required in the execution of legitimate interests of Vila Joya, Sa or third parties, for example subcontractors.[\/vc_column_text]<div class=\"qodef-shortcode qodef-m  qodef-separator clear \">\n\t<div class=\"qodef-m-line\" style=\"border-color: #d0922b85;border-style: solid;width: 7%;border-bottom-width: 2px;margin-top: 10px;margin-bottom: 35px\"><\/div>\n<\/div><div class=\"qodef-shortcode qodef-m  qodef-section-title qodef-alignment--left \">\n\t\t\t<h4 class=\"qodef-m-title\" >\n\t\t\t\t\tRights of data subjects\t\t\t<\/h4>\n\t<\/div>[vc_empty_space height=&#8221;10px&#8221;][vc_column_text]In accordance with the law, data subjects enjoy the rights of information, the right of access to their personal data, the right to rectify or remove personal data the use of which is no longer legitimate, the right of portability, as well as the right of limitation or opposition.<\/p>\n<p>To exercise such rights, they must submit a written request to the Data Controller:<\/p>\n<p>Vila Joya &#8211; Vila Joya II Investments Sa, with registered office at Edif\u00edcio Alto dos Navegantes, Bloco A, Loja A, civil parish of Arma\u00e7\u00e3o de P\u00eara, telephone <a href=\"tel:+351 289 591 795\">+351 289 591 795<\/a>, email <a href=\"mailto:info@vilajoya.com\">info@vilajoya.com<\/a>.<\/p>\n<p>Regarding the processing of personal data based on the consent of the data subject, at any time, the data subject is entitled to withdraw previously consent in the Annex to this Privacy Policy. Such withdrawing does not affect the lawfulness of the processing carried out on the basis of previously provided consent.<\/p>\n<p>If the data subject considers that the Data Controller did not process their data in a legitimate manner under the terms provided for by law and this Privacy Policy, the data subject may submit a complaint to the Data Controller, which will give it the best attention and seek to reply to it. You can also complain to the competent Supervisory Authority.[\/vc_column_text]<div class=\"qodef-shortcode qodef-m  qodef-separator clear \">\n\t<div class=\"qodef-m-line\" style=\"border-color: #d0922b85;border-style: solid;width: 7%;border-bottom-width: 2px;margin-top: 10px;margin-bottom: 35px\"><\/div>\n<\/div><div class=\"qodef-shortcode qodef-m  qodef-section-title qodef-alignment--left \">\n\t\t\t<h4 class=\"qodef-m-title\" >\n\t\t\t\t\tSecurity and Confidentiality Measure\t\t\t<\/h4>\n\t<\/div>[vc_empty_space height=&#8221;10px&#8221;][vc_column_text]The Data Controller processes your data in an absolutely confidential manner, in accordance with internal security procedures, using physical and electronic security measures and procedures, such as the identification of persons with access to data, computer systems equipped with the ability to encrypt, anonymize, systematically identify and destroy the collected data, as well as other physical tools or means, including closed rooms, lockable cabinets and secure safes to minimise the risk associated with data access and processing, in order to protect and maintain security against unauthorised or unlawful processing, loss of data or accidental damage thereof.<\/p>\n<p>Only the Data Controller and its authorised personnel can access and process your personal data.<\/p>\n<p>The Data Controller binds its employees with access to personal data, within the scope of their roles, to observe the Data Controller\u2019s Internal Regulations and\/or instructions regarding the processing and security of personal data. They are obliged to professional secrecy, in order to maintain the personal data they have access to under the strictest confidentiality. Such duties shall remain in effect even after the termination of their employment contract.[\/vc_column_text]<div class=\"qodef-shortcode qodef-m  qodef-separator clear \">\n\t<div class=\"qodef-m-line\" style=\"border-color: #d0922b85;border-style: solid;width: 7%;border-bottom-width: 2px;margin-top: 10px;margin-bottom: 35px\"><\/div>\n<\/div><div class=\"qodef-shortcode qodef-m  qodef-section-title qodef-alignment--left \">\n\t\t\t<h4 class=\"qodef-m-title\" >\n\t\t\t\t\tUsers of the Vila Joya Platform\t\t\t<\/h4>\n\t<\/div>[vc_empty_space height=&#8221;10px&#8221;][vc_column_text]Users of the VILA JOYA website can browse the entire website without restrictions. They may also make booking for accommodation and\/or restaurants. By making these bookings you accept the corresponding terms and conditions, and authorise the processing of your data to the extent and for the purpose required.[\/vc_column_text]<div class=\"qodef-shortcode qodef-m  qodef-separator clear \">\n\t<div class=\"qodef-m-line\" style=\"border-color: #d0922b85;border-style: solid;width: 7%;border-bottom-width: 2px;margin-top: 10px;margin-bottom: 35px\"><\/div>\n<\/div><div class=\"qodef-shortcode qodef-m  qodef-section-title qodef-alignment--left \">\n\t\t\t<h4 class=\"qodef-m-title\" >\n\t\t\t\t\tCookies\t\t\t<\/h4>\n\t<\/div>[vc_empty_space height=&#8221;10px&#8221;][vc_column_text]Our website uses cookies for the purpose of assisting navigation and collection of anonymous analytical data (which is thus not identifiable) about the use of the website. We have a cookie alert as soon as you enter our website. In order for cookies to be used, you must provide your express consent, by accepting the notice. If you do not accept the notice, analytical data cookies will not be used.[\/vc_column_text]<div class=\"qodef-shortcode qodef-m  qodef-separator clear \">\n\t<div class=\"qodef-m-line\" style=\"border-color: #d0922b85;border-style: solid;width: 7%;border-bottom-width: 2px;margin-top: 10px;margin-bottom: 35px\"><\/div>\n<\/div><div class=\"qodef-shortcode qodef-m  qodef-section-title qodef-alignment--left \">\n\t\t\t<h4 class=\"qodef-m-title\" >\n\t\t\t\t\tQuestions\t\t\t<\/h4>\n\t<\/div>[vc_empty_space height=&#8221;10px&#8221;][vc_column_text]For more information on how we process your personal data, you can contact us by phone <a href=\"tel:+351 289 591 795\">+351 289 591 795<\/a>, or by email <a href=\"mailto:info@vilajoya.com\">info@vilajoya.com<\/a>.[\/vc_column_text]<div class=\"qodef-shortcode qodef-m  qodef-separator clear \">\n\t<div class=\"qodef-m-line\" style=\"border-color: #d0922b85;border-style: solid;width: 7%;border-bottom-width: 2px;margin-top: 10px;margin-bottom: 35px\"><\/div>\n<\/div><div class=\"qodef-shortcode qodef-m  qodef-section-title qodef-alignment--left \">\n\t\t\t<h4 class=\"qodef-m-title\" >\n\t\t\t\t\tThis Policy applies to all Vila Joya customers, including users of the websites:\t\t\t<\/h4>\n\t<\/div>[vc_empty_space height=&#8221;10px&#8221;][vc_column_text]<a href=\"https:\/\/vilajoya.com\/de\/\">https:\/\/vilajoya.com\/de\/<\/a>[\/vc_column_text]<div class=\"qodef-shortcode qodef-m  qodef-separator clear \">\n\t<div class=\"qodef-m-line\" style=\"border-color: #d0922b85;border-style: solid;width: 7%;border-bottom-width: 2px;margin-top: 10px;margin-bottom: 35px\"><\/div>\n<\/div><div class=\"qodef-shortcode qodef-m  qodef-section-title qodef-alignment--left \">\n\t\t\t<h4 class=\"qodef-m-title\" >\n\t\t\t\t\tChanges\/updates\t\t\t<\/h4>\n\t<\/div>[vc_empty_space height=&#8221;10px&#8221;][vc_column_text]Vila Joya may change and\/or update this Privacy Policy, so we recommend that you consult it whenever you visit our website.<br \/>\nBy using our website, you agree to our Privacy Policy. If you do not agree with it, you must cease use of our websites, and contact us through another channel.<br \/>\n[\/vc_column_text]<div class=\"qodef-shortcode qodef-m  qodef-separator clear \">\n\t<div class=\"qodef-m-line\" style=\"border-color: #d0922b85;border-style: solid;width: 7%;border-bottom-width: 2px;margin-top: 10px;margin-bottom: 35px\"><\/div>\n<\/div><div class=\"qodef-shortcode qodef-m  qodef-section-title qodef-alignment--left \">\n\t\t\t<h4 class=\"qodef-m-title\" >\n\t\t\t\t\tHow to contact us\t\t\t<\/h4>\n\t<\/div>[vc_empty_space height=&#8221;10px&#8221;][vc_column_text]If you have questions regarding this Privacy Policy, you can contact us using any of the following information:<br \/>\n<a href=\"https:\/\/vilajoya.com\/de\/\">https:\/\/vilajoya.com\/de\/<\/a>[\/vc_column_text][\/vc_column][\/vc_row]<\/p>\n","protected":false},"excerpt":{"rendered":"<p>[vc_row content_placement=&#8221;middle&#8221; content_text_alignment=&#8221;center&#8221; el_class=&#8221;img_background_section&#8221; css=&#8221;.vc_custom_1624915848958{background-image: url(https:\/\/www.vilajoya.com\/wp-content\/uploads\/2021\/06\/privacy_policy_header_v1.jpg?id=3258) !important;}&#8221;][vc_column css=&#8221;.vc_custom_1623953325356{padding-top: 100px !important;padding-bottom: 100px !important;}&#8221; column_responsive_padding_1024=&#8221;100px 0 100px 0&#8243; column_responsive_padding_680=&#8221;100px 0 100px 0&#8243; column_responsive_padding_768=&#8221;100px 0 100px 0&#8243; offset=&#8221;vc_col-lg-offset-0 vc_col-lg-12 vc_col-md-offset-0 vc_col-md-12 vc_col-sm-offset-0 vc_col-xs-12&#8243; column_responsive_padding_1440=&#8221;100px 0 100px 0&#8243; column_responsive_padding_1366=&#8221;100px 0 100px 0&#8243; column_responsive_padding_1280=&#8221;100px 0 100px 0&#8243;][vc_row_inner row_content_width=&#8221;grid&#8221;][vc_column_inner offset=&#8221;vc_col-lg-offset-0 vc_col-lg-12 vc_col-md-offset-0 vc_col-md-12 vc_col-sm-offset-0 vc_col-xs-12&#8243; css=&#8221;.vc_custom_1624915740160{padding-top: 140px !important;padding-right: 20% !important;padding-bottom: 100px [&hellip;]<\/p>\n","protected":false},"author":1,"featured_media":0,"parent":0,"menu_order":0,"comment_status":"closed","ping_status":"closed","template":"page-full-width.php","meta":[],"yoast_head":"<!-- This site is optimized with the Yoast SEO plugin v14.9 - https:\/\/yoast.com\/wordpress\/plugins\/seo\/ -->\n<title>Datenschutz Bestimmungen - Vila Joya<\/title>\n<meta name=\"robots\" content=\"index, follow, max-snippet:-1, max-image-preview:large, max-video-preview:-1\" \/>\n<link rel=\"canonical\" href=\"https:\/\/www.vilajoya.com\/de\/datenschutz-bestimmungen\/\" \/>\n<meta property=\"og:locale\" content=\"de_DE\" \/>\n<meta property=\"og:type\" content=\"article\" \/>\n<meta property=\"og:title\" content=\"Datenschutz Bestimmungen - Vila Joya\" \/>\n<meta property=\"og:description\" content=\"[vc_row content_placement=&#8221;middle&#8221; content_text_alignment=&#8221;center&#8221; el_class=&#8221;img_background_section&#8221; css=&#8221;.vc_custom_1624915848958{background-image: url(https:\/\/www.vilajoya.com\/wp-content\/uploads\/2021\/06\/privacy_policy_header_v1.jpg?id=3258) !important;}&#8221;][vc_column css=&#8221;.vc_custom_1623953325356{padding-top: 100px !important;padding-bottom: 100px !important;}&#8221; column_responsive_padding_1024=&#8221;100px 0 100px 0&#8243; column_responsive_padding_680=&#8221;100px 0 100px 0&#8243; column_responsive_padding_768=&#8221;100px 0 100px 0&#8243; offset=&#8221;vc_col-lg-offset-0 vc_col-lg-12 vc_col-md-offset-0 vc_col-md-12 vc_col-sm-offset-0 vc_col-xs-12&#8243; column_responsive_padding_1440=&#8221;100px 0 100px 0&#8243; column_responsive_padding_1366=&#8221;100px 0 100px 0&#8243; column_responsive_padding_1280=&#8221;100px 0 100px 0&#8243;][vc_row_inner row_content_width=&#8221;grid&#8221;][vc_column_inner offset=&#8221;vc_col-lg-offset-0 vc_col-lg-12 vc_col-md-offset-0 vc_col-md-12 vc_col-sm-offset-0 vc_col-xs-12&#8243; css=&#8221;.vc_custom_1624915740160{padding-top: 140px !important;padding-right: 20% !important;padding-bottom: 100px [&hellip;]\" \/>\n<meta property=\"og:url\" content=\"https:\/\/www.vilajoya.com\/de\/datenschutz-bestimmungen\/\" \/>\n<meta property=\"og:site_name\" content=\"Vila Joya\" \/>\n<meta property=\"article:modified_time\" content=\"2021-07-30T12:54:36+00:00\" \/>\n<meta name=\"twitter:card\" content=\"summary_large_image\" \/>\n<script type=\"application\/ld+json\" class=\"yoast-schema-graph\">{\"@context\":\"https:\/\/schema.org\",\"@graph\":[{\"@type\":\"WebSite\",\"@id\":\"https:\/\/www.vilajoya.com\/de\/#website\",\"url\":\"https:\/\/www.vilajoya.com\/de\/\",\"name\":\"Vila Joya\",\"description\":\"Discover the hidden jewel of the Algarve\",\"potentialAction\":[{\"@type\":\"SearchAction\",\"target\":\"https:\/\/www.vilajoya.com\/de\/?s={search_term_string}\",\"query-input\":\"required name=search_term_string\"}],\"inLanguage\":\"de-DE\"},{\"@type\":\"WebPage\",\"@id\":\"https:\/\/www.vilajoya.com\/de\/datenschutz-bestimmungen\/#webpage\",\"url\":\"https:\/\/www.vilajoya.com\/de\/datenschutz-bestimmungen\/\",\"name\":\"Datenschutz Bestimmungen - Vila Joya\",\"isPartOf\":{\"@id\":\"https:\/\/www.vilajoya.com\/de\/#website\"},\"datePublished\":\"2021-06-18T13:10:14+00:00\",\"dateModified\":\"2021-07-30T12:54:36+00:00\",\"inLanguage\":\"de-DE\",\"potentialAction\":[{\"@type\":\"ReadAction\",\"target\":[\"https:\/\/www.vilajoya.com\/de\/datenschutz-bestimmungen\/\"]}]}]}<\/script>\n<!-- \/ Yoast SEO plugin. -->","_links":{"self":[{"href":"https:\/\/www.vilajoya.com\/de\/wp-json\/wp\/v2\/pages\/3495\/"}],"collection":[{"href":"https:\/\/www.vilajoya.com\/de\/wp-json\/wp\/v2\/pages\/"}],"about":[{"href":"https:\/\/www.vilajoya.com\/de\/wp-json\/wp\/v2\/types\/page\/"}],"author":[{"embeddable":true,"href":"https:\/\/www.vilajoya.com\/de\/wp-json\/wp\/v2\/users\/1\/"}],"replies":[{"embeddable":true,"href":"https:\/\/www.vilajoya.com\/de\/wp-json\/wp\/v2\/comments\/?post=3495"}],"version-history":[{"count":0,"href":"https:\/\/www.vilajoya.com\/de\/wp-json\/wp\/v2\/pages\/3495\/revisions\/"}],"wp:attachment":[{"href":"https:\/\/www.vilajoya.com\/de\/wp-json\/wp\/v2\/media\/?parent=3495"}],"curies":[{"name":"wp","href":"https:\/\/api.w.org\/{rel}","templated":true}]}}